{"id":896,"date":"2019-11-11T20:21:25","date_gmt":"2019-11-11T19:21:25","guid":{"rendered":"http:\/\/petitssuissesnormands.ovh\/?page_id=896"},"modified":"2020-08-21T10:02:32","modified_gmt":"2020-08-21T08:02:32","slug":"24-heures-vtt","status":"publish","type":"page","link":"http:\/\/petitssuissesnormands.ovh\/index.php\/24-heures-vtt\/","title":{"rendered":"\u2192 24 heures VTT"},"content":{"rendered":"<p><span style=\"color: #ff0000; font-size: 24pt;\">\u00c9DITION 2020 ANNUL\u00c9E<\/span><\/p>\n<p style=\"text-align: justify;\"><span style=\"font-family: Alegreya; font-size: 16pt;\">La 2\u00e8me \u00e9dition des <span style=\"color: #000000;\"><strong>24 heures VTT<\/strong><\/span>&nbsp;se d\u00e9roulera les <span style=\"color: #1167b5;\"><strong>22 et 23 mai 2020<\/strong><\/span> (week-end de l&rsquo;ascension) \u00e0 <strong><span style=\"color: #1167b5;\"><span style=\"color: #000000;\">Pont d&rsquo;Ouilly<\/span><\/span><\/strong> (Calvados), dans le cadre du <span style=\"color: #000000;\"><strong>Festival des Extraverties<\/strong><\/span> (infos sur <span style=\"color: #30a60a;\"><a style=\"color: #30a60a;\" href=\"https:\/\/www.lesextraverties.com\/le-24h-vtt\" target=\"_blank\" rel=\"noopener noreferrer\">https:\/\/www.lesextraverties.com\/le-24h-vtt<\/a><\/span>). Le d\u00e9part aura lieu le vendredi 22 mai \u00e0 13h et l&rsquo;arriv\u00e9e 24 heures plus tard.<\/span><\/p>\n<div style=\"text-align: center; background-color: #30a60a; margin-left: auto; margin-right: auto;\"><a href=\"https:\/\/www.helloasso.com\/associations\/pont-d-ouilly-loisirs\/evenements\/inscription12-24h-vtt\" target=\"_blank\" rel=\"noopener noreferrer\"><span style=\"font-size: 28pt;\"><strong><span style=\"color: #000000; font-family: Alegreya;\">INSCRIPTIONS<\/span><\/strong><\/span><\/a><\/div>\n<p style=\"text-align: justify;\"><span style=\"font-family: Alegreya; font-size: 16pt;\"><span style=\"text-decoration: underline;\">Objectif et valeurs<\/span> : R\u00e9aliser un <strong>maximum de tours<\/strong>, en <strong>solo<\/strong> ou par <strong>\u00e9quipe<\/strong> (2 \u00e0 8 \u00e9quipiers), d&rsquo;un circuit d&rsquo;environ <strong>7 km<\/strong> (quelques modifications par rapport \u00e0 2019). L&rsquo;\u00e9preuve se veut <strong>conviviale<\/strong> et n&rsquo;\u00e9tablira <strong>pas de classement<\/strong> \u00ab\u00a0officiel\u00a0\u00bb. Un mat\u00e9riel de chronom\u00e9trage permettra toutefois aux \u00e9quipes de conna\u00eetre le nombre de tours effectu\u00e9s. Cette \u00e9preuve est ouverte \u00e0 partir de 16 ans.<\/span><\/p>\n<p style=\"text-align: justify;\"><span style=\"font-family: Alegreya; font-size: 16pt;\"><span style=\"text-decoration: underline;\">Nouveaut\u00e9 2020<\/span> : Une \u00e9preuve de <strong>6 heures VTT<\/strong>&nbsp;r\u00e9serv\u00e9e aux jeunes de <strong>12 \u00e0 17 ans<\/strong> sera organis\u00e9e sur le m\u00eame circuit <strong>entre 13h et 19h<\/strong> le <strong>vendredi 22 mai<\/strong>. Elle sera ouverte aux <strong>\u00e9quipes<\/strong> de 2 \u00e0 4 coureurs.<\/span><\/p>\n<p><span style=\"font-size: 16pt; font-family: Alegreya;\"><span style=\"text-decoration: underline;\">Tarifs<\/span> :<strong> 20 \u20ac<\/strong> par personne pour les 24 heures \/ <strong>5 \u20ac<\/strong> par personne pour les 6 heures<\/span><\/p>\n<p style=\"text-align: justify;\"><span style=\"font-size: 16pt; font-family: Alegreya;\">Pendant l&rsquo;\u00e9preuve, les \u00e9quipes b\u00e9n\u00e9ficieront d&rsquo;un emplacement de camping en bordure du circuit. Des options (petit d\u00e9jeuner, location de tente, h\u00e9bergement en bungalow toil\u00e9 &#8230;) seront propos\u00e9s dans le formulaire d&rsquo;inscription en ligne).<\/span>&nbsp;<\/p>\n<p style=\"padding-left: 20px;\"><span style=\"font-family: Alegreya; font-size: 16pt;\">\u2192 <a href=\"http:\/\/petitssuissesnormands.ovh\/wp-content\/uploads\/2019\/12\/R\u00e9glement_24h_2020.pdf\" target=\"_blank\" rel=\"noopener noreferrer\">R\u00e9glement<\/a><\/span> &nbsp;<\/p>\n<p style=\"padding-left: 20px;\"><span style=\"font-family: Alegreya; font-size: 16pt;\"><span style=\"font-family: Alegreya; font-size: 16pt;\">\u2192<\/span>&nbsp;<a href=\"http:\/\/petitssuissesnormands.ovh\/wp-content\/uploads\/2019\/12\/Autorisation_Parentale_24h_6h.pdf\" target=\"_blank\" rel=\"noopener noreferrer\">Autorisation parentale<\/a><\/span><\/p>\n<p style=\"padding-left: 20px;\"><span style=\"font-family: Alegreya; font-size: 16pt;\">\u2192 <a href=\"http:\/\/petitssuissesnormands.ovh\/wp-content\/uploads\/2019\/12\/24h_Scratch.pdf\" target=\"_blank\" rel=\"noopener noreferrer\">R\u00e9sultats 2019<\/a><\/span><\/p>\n","protected":false},"excerpt":{"rendered":"<p>\u00c9DITION 2020 ANNUL\u00c9E La 2\u00e8me \u00e9dition des 24 heures VTT&nbsp;se d\u00e9roulera les 22 et 23 mai 2020 (week-end de l&rsquo;ascension) \u00e0 Pont d&rsquo;Ouilly (Calvados), dans le cadre du Festival des<\/p>\n","protected":false},"author":1,"featured_media":0,"parent":0,"menu_order":0,"comment_status":"closed","ping_status":"closed","template":"","meta":{"ngg_post_thumbnail":0,"footnotes":""},"class_list":["post-896","page","type-page","status-publish","hentry","comments-off"],"_links":{"self":[{"href":"http:\/\/petitssuissesnormands.ovh\/index.php\/wp-json\/wp\/v2\/pages\/896","targetHints":{"allow":["GET"]}}],"collection":[{"href":"http:\/\/petitssuissesnormands.ovh\/index.php\/wp-json\/wp\/v2\/pages"}],"about":[{"href":"http:\/\/petitssuissesnormands.ovh\/index.php\/wp-json\/wp\/v2\/types\/page"}],"author":[{"embeddable":true,"href":"http:\/\/petitssuissesnormands.ovh\/index.php\/wp-json\/wp\/v2\/users\/1"}],"replies":[{"embeddable":true,"href":"http:\/\/petitssuissesnormands.ovh\/index.php\/wp-json\/wp\/v2\/comments?post=896"}],"version-history":[{"count":18,"href":"http:\/\/petitssuissesnormands.ovh\/index.php\/wp-json\/wp\/v2\/pages\/896\/revisions"}],"predecessor-version":[{"id":1245,"href":"http:\/\/petitssuissesnormands.ovh\/index.php\/wp-json\/wp\/v2\/pages\/896\/revisions\/1245"}],"wp:attachment":[{"href":"http:\/\/petitssuissesnormands.ovh\/index.php\/wp-json\/wp\/v2\/media?parent=896"}],"curies":[{"name":"wp","href":"https:\/\/api.w.org\/{rel}","templated":true}]}}