{"id":4838,"date":"2026-01-23T22:27:59","date_gmt":"2026-01-23T21:27:59","guid":{"rendered":"http:\/\/petitssuissesnormands.ovh\/?page_id=4838"},"modified":"2026-01-23T22:27:59","modified_gmt":"2026-01-23T21:27:59","slug":"raid-des-psn-2026-inscriptions","status":"publish","type":"page","link":"http:\/\/petitssuissesnormands.ovh\/index.php\/raid-des-psn-2026-inscriptions\/","title":{"rendered":"Raid des PSN 2026 &#8211; INSCRIPTIONS"},"content":{"rendered":"<ul style=\"margin-top: 20px;\">\n<li><span style=\"font-family: Alegreya; font-size: 18pt;\"><strong>RAIDS AVENTURE ET SPORTIF (CHRONOM\u00c9TR\u00c9S) DU SAMEDI 4 AVRIL<\/strong><\/span><\/li>\n<\/ul>\n<p><a href=\"https:\/\/in.inscriptions-tiel.com\/raid-20261768859849313?currentPage=select-competition\"><img decoding=\"async\" class=\"wp-image-4219 aligncenter\" src=\"http:\/\/petitssuissesnormands.ovh\/wp-content\/uploads\/2025\/02\/inscription_v2-1024x80.png\" alt=\"\" width=\"750\" srcset=\"http:\/\/petitssuissesnormands.ovh\/wp-content\/uploads\/2025\/02\/inscription_v2-1024x80.png 1024w, http:\/\/petitssuissesnormands.ovh\/wp-content\/uploads\/2025\/02\/inscription_v2-300x24.png 300w, http:\/\/petitssuissesnormands.ovh\/wp-content\/uploads\/2025\/02\/inscription_v2-768x60.png 768w, http:\/\/petitssuissesnormands.ovh\/wp-content\/uploads\/2025\/02\/inscription_v2-1536x121.png 1536w, http:\/\/petitssuissesnormands.ovh\/wp-content\/uploads\/2025\/02\/inscription_v2.png 2000w\" sizes=\"(max-width: 1024px) 100vw, 1024px\" \/><\/a><\/p>\n<p>&nbsp;<\/p>\n<ul>\n<li><span style=\"font-family: Alegreya; font-size: 18pt;\"><strong>RAID D\u00c9COUVERTE (NON CHRONOM\u00c9TR\u00c9) DU DIMANCHE 5 AVRIL<\/strong><\/span><\/li>\n<\/ul>\n<p><a href=\"https:\/\/in.inscriptions-tiel.com\/raid-decouverte-20261769197216596?currentPage=select-competition\"><span style=\"font-family: verdana, geneva;\"><span style=\"font-size: 24px;\"><b><img decoding=\"async\" class=\"size-large wp-image-4221 aligncenter\" src=\"http:\/\/petitssuissesnormands.ovh\/wp-content\/uploads\/2025\/02\/inscription_b2-1024x80.png\" alt=\"\" width=\"750\" srcset=\"http:\/\/petitssuissesnormands.ovh\/wp-content\/uploads\/2025\/02\/inscription_b2-1024x80.png 1024w, http:\/\/petitssuissesnormands.ovh\/wp-content\/uploads\/2025\/02\/inscription_b2-300x24.png 300w, http:\/\/petitssuissesnormands.ovh\/wp-content\/uploads\/2025\/02\/inscription_b2-768x60.png 768w, http:\/\/petitssuissesnormands.ovh\/wp-content\/uploads\/2025\/02\/inscription_b2-1536x121.png 1536w, http:\/\/petitssuissesnormands.ovh\/wp-content\/uploads\/2025\/02\/inscription_b2.png 2000w\" sizes=\"(max-width: 1024px) 100vw, 1024px\" \/><\/b><\/span><\/span><\/a><\/p>\n","protected":false},"excerpt":{"rendered":"<p>RAIDS AVENTURE ET SPORTIF (CHRONOM\u00c9TR\u00c9S) DU SAMEDI 4 AVRIL &nbsp; RAID D\u00c9COUVERTE (NON CHRONOM\u00c9TR\u00c9) DU DIMANCHE 5 AVRIL<\/p>\n","protected":false},"author":1,"featured_media":0,"parent":0,"menu_order":0,"comment_status":"closed","ping_status":"closed","template":"","meta":{"ngg_post_thumbnail":0,"footnotes":""},"class_list":["post-4838","page","type-page","status-publish","hentry","comments-off"],"_links":{"self":[{"href":"http:\/\/petitssuissesnormands.ovh\/index.php\/wp-json\/wp\/v2\/pages\/4838","targetHints":{"allow":["GET"]}}],"collection":[{"href":"http:\/\/petitssuissesnormands.ovh\/index.php\/wp-json\/wp\/v2\/pages"}],"about":[{"href":"http:\/\/petitssuissesnormands.ovh\/index.php\/wp-json\/wp\/v2\/types\/page"}],"author":[{"embeddable":true,"href":"http:\/\/petitssuissesnormands.ovh\/index.php\/wp-json\/wp\/v2\/users\/1"}],"replies":[{"embeddable":true,"href":"http:\/\/petitssuissesnormands.ovh\/index.php\/wp-json\/wp\/v2\/comments?post=4838"}],"version-history":[{"count":1,"href":"http:\/\/petitssuissesnormands.ovh\/index.php\/wp-json\/wp\/v2\/pages\/4838\/revisions"}],"predecessor-version":[{"id":4839,"href":"http:\/\/petitssuissesnormands.ovh\/index.php\/wp-json\/wp\/v2\/pages\/4838\/revisions\/4839"}],"wp:attachment":[{"href":"http:\/\/petitssuissesnormands.ovh\/index.php\/wp-json\/wp\/v2\/media?parent=4838"}],"curies":[{"name":"wp","href":"https:\/\/api.w.org\/{rel}","templated":true}]}}