{"id":4567,"date":"2025-09-28T22:24:16","date_gmt":"2025-09-28T20:24:16","guid":{"rendered":"http:\/\/petitssuissesnormands.ovh\/?page_id=4567"},"modified":"2025-09-29T15:28:57","modified_gmt":"2025-09-29T13:28:57","slug":"resultats-2025-raid","status":"publish","type":"page","link":"http:\/\/petitssuissesnormands.ovh\/index.php\/resultats-2025-raid\/","title":{"rendered":"R\u00c9SULTATS 2025 &#8211; RAID"},"content":{"rendered":"<p><img loading=\"lazy\" decoding=\"async\" class=\"wp-image-4568 alignnone aligncenter\" src=\"http:\/\/petitssuissesnormands.ovh\/wp-content\/uploads\/2025\/09\/Bandeau_Raid.png\" alt=\"\" width=\"377\" height=\"86\" srcset=\"http:\/\/petitssuissesnormands.ovh\/wp-content\/uploads\/2025\/09\/Bandeau_Raid.png 920w, http:\/\/petitssuissesnormands.ovh\/wp-content\/uploads\/2025\/09\/Bandeau_Raid-300x68.png 300w, http:\/\/petitssuissesnormands.ovh\/wp-content\/uploads\/2025\/09\/Bandeau_Raid-768x175.png 768w\" sizes=\"auto, (max-width: 377px) 100vw, 377px\" \/><\/p>\n<ul>\n<li><span style=\"font-size: 14pt;\"><strong>SUD RAID &#8211;<\/strong>&nbsp;<span style=\"color: #ff0000;\"><strong>FINALE CHAMPIONNAT DU MONDE A1<\/strong><\/span>&nbsp; \/ <strong>Gap (Hautes-Alpes) \/ Ao\u00fbt 2025<\/strong><\/span><br \/>\n<strong><span style=\"color: #1167b5;\">&nbsp; &nbsp;<span style=\"font-size: 10pt;\">18\u00e8me place<\/span><\/span> <\/strong><span style=\"font-size: 10pt;\">(sur 33) \/ 330 km et 12000 m de D+ \/ 94h de course<\/span><br \/>\n<span style=\"font-size: 10pt;\">&nbsp; &nbsp;<span style=\"text-decoration: underline;\">\u00c9quipe<\/span> : <span style=\"color: #008000;\">Morgane BOUDONNET<\/span> \/ <span style=\"color: #008000;\">Nicolas LEMONNIER<\/span> \/ <span style=\"color: #008000;\">Ma\u00ebl PRUDHOMME<\/span> \/ <span style=\"color: #008000;\"><span style=\"color: #008000;\"><span style=\"color: #008000;\">Thibaut RUAMPS<\/span><\/span><\/span>&nbsp;<\/span><\/li>\n<\/ul>\n<hr>\n<ul>\n<li><span style=\"font-size: 14pt;\"><strong>RAID ARAN &#8211;<\/strong> <span style=\"color: #ff0000; margin-top: 120px;\"><strong>ARWS EUROPE<\/strong><\/span>&nbsp;\/ <strong>Bossost (Espagne) \/ Juin 2025<\/strong><\/span><br \/>\n<strong><span style=\"color: #1167b5;\">&nbsp;<span style=\"font-size: 10pt;\"> \ud83e\udd49 3\u00e8me place<\/span><\/span> <\/strong><span style=\"font-size: 10pt;\">(sur 47) \/ 110 km et 6600 m de D+ \/ 20h de course<\/span><br \/>\n<span style=\"font-size: 10pt;\">&nbsp; &nbsp;<span style=\"text-decoration: underline;\">\u00c9quipe<\/span> : <span style=\"color: #008000;\">Ghislain GIROUARD<\/span> \/ <span style=\"color: #008000;\">Johann LE BARBER<\/span> \/ <span style=\"color: #008000;\">Michelle AMATA<\/span> \/ <span style=\"color: #008000;\"><span style=\"color: #008000;\">Thibaut RUAMPS<br \/>\n&nbsp; &nbsp; <span style=\"color: #ff0000;\">&nbsp; &nbsp;\u2192 <em><span style=\"text-decoration: underline;\">PREMIER PODIUM SUR UNE COURSE INTERNATIONALE POUR LES P.S.N<\/span> \u2190<\/em><\/span><\/span><\/span><\/span><\/li>\n<\/ul>\n<hr>\n<ul>\n<li><span style=\"font-size: 14pt;\"><strong>RAID TOUT ABSOLU &#8211;<\/strong> <span style=\"color: #ff0000;\"><strong>CHAMPIONNAT DE FRANCE ADULTES FFTRI<\/strong><\/span>&nbsp;\/ <\/span><strong><span style=\"font-size: 14pt;\">Carcassonne (Aude) \/ Juin 2025<\/span><br \/>\n<span style=\"color: #1167b5; font-size: 10pt;\">&nbsp; &nbsp;5\u00e8me \u00e9quipe f\u00e9minine<\/span><\/strong><span style=\"font-size: 10pt;\"> (43\u00e8me au scratch sur 53) : <span style=\"color: #008000;\">Justine GEFFROY<\/span> (avec . . . . . . )<\/span><br \/>\n<span style=\"font-size: 10pt;\"><span style=\"color: #1167b5;\"><strong>&nbsp; &nbsp;Abandon<\/strong> <\/span>(attaque de 4 rottweilers !!) : <span style=\"color: #008000;\">Sophie RENOUF<\/span> \/ <span style=\"color: #008000;\">Ma\u00ebl PRUDHOMME<\/span>&nbsp;&nbsp;<\/span><\/li>\n<\/ul>\n<hr>\n<ul>\n<li><span style=\"font-size: 14pt;\"><strong>RAID DES DENTELLES &#8211;<\/strong> <span style=\"color: #ff0000;\"><strong>CHAMPIONNAT DE FRANCE JEUNES FFTRI<\/strong><\/span>&nbsp;\/ <\/span><strong><span style=\"font-size: 14pt;\">Velleron (Vaucluse) \/ Mai 2025<\/span><br \/>\n<span style=\"color: #1167b5; font-size: 10pt;\">&nbsp; &nbsp;11\u00e8me \u00e9quipe minimes gar\u00e7ons <\/span><\/strong><span style=\"font-size: 10pt;\">(15\u00e8me au scratch sur 59) : <span style=\"color: #008000;\">No\u00e9 RUAMPS<\/span> \/ <span style=\"color: #008000;\">Baptiste DUCLOS<\/span><\/span><br \/>\n<span style=\"font-size: 10pt;\"><strong><span style=\"color: #1167b5;\">&nbsp; &nbsp;28\u00e8me \u00e9quipe cadets <\/span><\/strong>(35\u00e8me au scratch sur 55) : <span style=\"color: #008000;\">Tim\u00e9o RUAMPS<\/span> \/ <span style=\"color: #008000;\">Simon LEBATARD<\/span><\/span><\/li>\n<\/ul>\n<hr>\n<ul>\n<li><span style=\"font-size: 14pt;\"><strong>PYRENE RAID <\/strong>\/ <strong>Biescas (Espagne) \/ Septembre 2025<\/strong><\/span><br \/>\n<span style=\"font-size: 10pt;\"><strong><span style=\"color: #1167b5;\">&nbsp; &nbsp;4\u00e8me place<\/span> <\/strong>(sur 13) \/ 116 km et 3800 m de D+ \/ 14h47 de course<\/span><br \/>\n<span style=\"font-size: 10pt;\">&nbsp; &nbsp;<span style=\"text-decoration: underline;\">\u00c9quipe<\/span> : <span style=\"color: #008000;\">Ghislain GIROUARD<\/span> \/ <span style=\"color: #008000;\">Michelle AMATA<\/span> \/ <span style=\"color: #008000;\"><span style=\"color: #008000;\">Arnaud LE LAY<\/span><\/span><\/span><\/li>\n<\/ul>\n<hr>\n<ul>\n<li><span style=\"font-size: 14pt;\"><strong>VEND\u00c9E RAID <\/strong>\/ <\/span><strong><span style=\"font-size: 14pt;\">Noirmoutier (Vend\u00e9e) \/ Juin 2025<br \/>\n<span style=\"color: #1167b5; font-size: 10pt;\"><span style=\"color: #000000;\"><span style=\"text-decoration: underline;\">RAID AU SCORE<\/span> (24h \/ 528 balises maximum \/ 121 \u00e9quipes)<\/span><\/span><\/span><br \/>\n<span style=\"color: #1167b5; font-size: 10pt;\">&nbsp; <span style=\"color: #000000;\">\ud83e\udd47 <\/span>1\u00e8re place au scratch<\/span><\/strong><span style=\"font-size: 10pt;\">&nbsp;\/ 437 points : <span style=\"color: #008000;\">Johann LE BARBER<\/span> \/ <span style=\"color: #008000;\"><span style=\"color: #008000;\">Thibaut RUAMPS<\/span><\/span><\/span><br \/>\n<span style=\"font-size: 10pt;\"><strong><span style=\"color: #1167b5;\">&nbsp; <span style=\"font-size: 10pt;\">\ud83e\udd49 3\u00e8me \u00e9quipe mixte <\/span><\/span><\/strong>(25\u00e8me au scratch) \/ 362 points : <span style=\"color: #008000;\">Morgane BOUDONNET<\/span>&nbsp;\/ <span style=\"color: #008000;\"><span style=\"color: #008000;\">Maxime DIVAY<br \/>\n<\/span><\/span><strong><span style=\"color: #1167b5;\">&nbsp; &nbsp;45\u00e8me place au scratch<\/span><\/strong> \/ 328 points : <span style=\"color: #008000;\">Vincent PROFICHET<\/span> \/ <span style=\"color: #008000;\"><span style=\"color: #008000;\">Jacques F\u00c9RET<br \/>\n<\/span><\/span><strong><span style=\"color: #1167b5;\">&nbsp; &nbsp;8\u00e8me \u00e9quipe mixte <\/span><\/strong>(82\u00e8me au scratch) \/ 291 points : <span style=\"color: #008000;\">Justine GEFFROY<\/span>&nbsp;\/ <span style=\"color: #008000;\"><span style=\"color: #008000;\">Florian ENEZ<br \/>\n<\/span><\/span><strong><span style=\"color: #1167b5;\">&nbsp; &nbsp; 94\u00e8me place au scratch<\/span><\/strong> \/ 272 points : <span style=\"color: #008000;\">J\u00e9r\u00f4me VARDON<\/span> \/ <span style=\"color: #008000;\">Beno\u00eet VARDON<\/span><\/span><\/li>\n<\/ul>\n<hr>\n<ul>\n<li><span style=\"font-size: 14pt;\"><strong>RAID DES PETITS SUISSES NORMANDS <\/strong>\/ <\/span><strong><span style=\"font-size: 14pt;\">Pont d&rsquo;Ouilly (Calvados) \/ Avril 2025<\/span><br \/>\n<span style=\"color: #1167b5; font-size: 10pt;\">&nbsp; <span style=\"color: #000000;\"><span style=\"text-decoration: underline;\">RAID AVENTURE<\/span> (6h30 maximum \/ 38 \u00e9quipes)<\/span><br \/>\n&nbsp; &nbsp; <span style=\"color: #000000;\">\ud83e\udd47 <\/span>1\u00e8re \u00e9quipe mixte <\/span><\/strong><span style=\"font-size: 10pt;\">(3\u00e8me au scratch) : <span style=\"color: #008000;\">Sophie RENOUF<\/span>&nbsp;\/ <span style=\"color: #008000;\">Ma\u00ebl PRUDHOMME<\/span><\/span><br \/>\n<span style=\"font-size: 10pt;\"><strong><span style=\"color: #1167b5;\">&nbsp; &nbsp; &nbsp;7\u00e8me place au scratch<\/span><\/strong>&nbsp;:&nbsp;<span style=\"color: #008000;\">Maxime DIVAY <span style=\"color: #000000;\">(avec Titouan CHAPUT \/ Vikazim)<\/span><br \/>\n<\/span><strong><span style=\"color: #1167b5;\">&nbsp; &nbsp; <span style=\"font-size: 10pt;\">\ud83e\udd49&nbsp; 3\u00e8me \u00e9quipe mixte <\/span><\/span><\/strong>(15\u00e8me au scratch) : <span style=\"color: #008000;\">Justine GEFFROY<\/span>&nbsp;\/ <span style=\"color: #008000;\">Florian ENEZ<br \/>\n<\/span><\/span><strong><span style=\"color: #1167b5; font-size: 10pt;\"><span style=\"color: #000000;\">&nbsp; <span style=\"text-decoration: underline;\">RAID SPORTIF<\/span> (4h30 maximum \/ 73 \u00e9quipes)<\/span><br \/>\n&nbsp; &nbsp; &nbsp; <span style=\"font-size: 10pt;\"><span style=\"color: #1167b5;\">15\u00e8me place au scratch<\/span><\/span><\/span><\/strong><span style=\"font-size: 10pt;\"> : <span style=\"color: #008000;\">No\u00e9 RUAMPS<\/span> \/ <span style=\"color: #008000;\">Baptiste DUCLOS &#8211; <span style=\"color: #ff0000;\">CHAMPIONS DE NORMANDIE MINIMES<\/span><\/span><\/span><br \/>\n<span style=\"font-size: 10pt;\"><strong><span style=\"color: #1167b5;\">&nbsp; &nbsp; &nbsp; 17\u00e8me place au scratch<\/span><\/strong> : <span style=\"color: #008000;\">L\u00e9o LEBEDEL<\/span> \/ <span style=\"color: #008000;\">L\u00e9o LEPELTIER<br \/>\n<\/span><strong><span style=\"color: #1167b5;\">&nbsp; &nbsp; &nbsp; 19\u00e8me place au scratch<\/span><\/strong> : <span style=\"color: #008000;\">Tim\u00e9o RUAMPS<\/span> \/ <span style=\"color: #008000;\">Simon LEBATARD &#8211; <span style=\"color: #ff0000;\">CHAMPIONS DE NORMANDIE CADETS<br \/>\n<strong><span style=\"color: #1167b5;\">&nbsp; &nbsp; &nbsp; 53\u00e8me place au scratch<\/span><\/strong><span style=\"color: #000000;\"> : <span style=\"color: #008000;\">Math\u00e9o VARDON<\/span> \/ <span style=\"color: #008000;\">Beno\u00eet VARDON<\/span><\/span><\/span><\/span><\/span><\/li>\n<\/ul>\n<hr>\n<ul>\n<li><span style=\"font-size: 14pt;\"><strong>RAID DE LA PIERRE PERC\u00c9E <\/strong>\/ <strong>Lac de la Dath\u00e9e<\/strong><\/span><strong><span style=\"font-size: 14pt;\"><strong>&nbsp;<\/strong>(Calvados) \/ Juin 2025<br \/>\n<\/span><\/strong><strong><strong><span style=\"color: #1167b5; font-size: 10pt;\"><span style=\"color: #000000;\"><span style=\"text-decoration: underline;\">RAID THOR<\/span> (65 km \/ 17 \u00e9quipes)<br \/>\n<span style=\"font-size: 10pt;\">&nbsp; &nbsp;\ud83e\udd47<strong style=\"color: #333333;\"><span style=\"color: #1167b5;\">1\u00e8re place au scratch<\/span><\/strong><\/span><\/span><\/span><\/strong><\/strong><span style=\"color: #1167b5; font-size: 10pt;\"><span style=\"color: #000000;\"><span style=\"font-size: 10pt;\">: <span style=\"color: #008000;\">Fred PARQUET<\/span>&nbsp;\/ <span style=\"color: #008000;\">Nicolas LEMONNIER<\/span><\/span><\/span><\/span><strong><strong><span style=\"color: #1167b5; font-size: 10pt;\"><span style=\"color: #000000;\"><br \/>\n<\/span><\/span><\/strong><\/strong><span style=\"font-size: 10pt;\"><span style=\"font-size: 10pt;\"><strong><span style=\"color: #1167b5;\">&nbsp; &nbsp; 11\u00e8me place au scratch<\/span><\/strong>&nbsp;:&nbsp;<span style=\"color: #008000;\">Guillaume DUCLOS \/ Nicolas LHERMELIN&nbsp;<br \/>\n<\/span><strong><span style=\"color: #1167b5;\">&nbsp; &nbsp; 15\u00e8me place au scratch<\/span><\/strong>&nbsp;: <span style=\"color: #008000;\">Olivier DELMOTTE <span style=\"color: #008000;\"><span style=\"color: #000000;\">(avec Gilles BAUDOUIN)<br \/>\n<\/span><\/span><\/span><span style=\"color: #008000;\">&nbsp; &nbsp;<\/span><span style=\"color: #008000;\"><span style=\"font-size: 10pt;\">\ud83e\udd48 <\/span><strong style=\"font-size: 10pt;\"><span style=\"color: #1167b5;\"><span style=\"font-size: 10pt;\">2\u00e8me<\/span> \u00e9quipe f\u00e9minine<\/span><\/strong> <span style=\"color: #000000;\">(15\u00e8me au scratch)<\/span><span style=\"font-size: 10pt;\"> : Sophie LAIGNEL-BOUTROIS \/ Estelle VARDON<\/span><br \/>\n<\/span><\/span><\/span><strong><strong><span style=\"color: #1167b5; font-size: 10pt;\"><span style=\"color: #000000;\">&nbsp; <span style=\"text-decoration: underline;\">RAID RAGNAR<\/span> (25 km \/ 32 \u00e9quipes)<\/span><br \/>\n&nbsp; &nbsp;<\/span><\/strong><\/strong><span style=\"font-size: 10pt;\">\ud83e\udd49 <\/span><strong><span style=\"color: #1167b5; font-size: 10pt;\"><span style=\"font-size: 10pt;\">3\u00e8me place au scratch<\/span><\/span><\/strong><span style=\"font-size: 10pt;\"> : <span style=\"color: #008000;\">Simon LEBATARD<\/span>&nbsp;\/ <span style=\"color: #008000;\">Beno\u00eet LEBATARD&nbsp;&nbsp;<\/span><\/span><\/li>\n<\/ul>\n<hr>\n<ul>\n<li><span style=\"font-size: 14pt;\"><strong>RAID DE LA PATATE <\/strong>\/ <strong>Villaines la Carelle<\/strong><\/span><strong><span style=\"font-size: 14pt;\"> (Sarthe) \/ Septembre 2025<br \/>\n<\/span><\/strong><strong><strong><span style=\"color: #1167b5; font-size: 10pt;\"><span style=\"color: #000000;\">&nbsp;<span style=\"text-decoration: underline;\">RAID SPORTIF<\/span> (36 km \/ 17 \u00e9quipes)<br \/>\n<\/span><\/span><\/strong><\/strong><strong><strong><span style=\"color: #1167b5; font-size: 10pt;\"><span style=\"color: #000000;\">&nbsp; &nbsp; <span style=\"font-size: 10pt;\">\ud83e\udd47 <\/span><strong style=\"color: #333333; font-size: 16px;\"><span style=\"color: #1167b5; font-size: 10pt;\">1\u00e8re <span style=\"font-size: 10pt;\">place au scratch <\/span><\/span><\/strong><\/span><\/span><\/strong><\/strong><span style=\"color: #1167b5; font-size: 10pt;\"><span style=\"color: #000000;\"><span style=\"font-size: 10pt;\">:<\/span><\/span><\/span><span style=\"color: #1167b5; font-size: 10pt;\"><span style=\"color: #000000;\"><span style=\"font-size: 10pt;\"> <span style=\"color: #008000;\">No\u00e9 RUAMPS<\/span> \/ <span style=\"color: #008000;\">Thibaut RUAMPS<br \/>\n<strong><span style=\"color: #1167b5;\">&nbsp; &nbsp; &nbsp;7\u00e8me place au scratch<\/span><\/strong>&nbsp;:&nbsp;Vincent PROFICHET<span style=\"color: #000000;\"> (avec Arthur PROFICHET)&nbsp;<br \/>\n<\/span><\/span><\/span><\/span><\/span><strong><span style=\"color: #1167b5; font-size: 10pt;\"><span style=\"color: #000000;\">&nbsp;<span style=\"text-decoration: underline;\">RAID D\u00c9COUVERTE<\/span> (17 km \/ 24 \u00e9quipes)<br \/>\n<\/span><\/span><\/strong><strong><span style=\"color: #1167b5; font-size: 10pt;\"><span style=\"color: #000000;\">&nbsp; &nbsp; <span style=\"font-size: 12pt;\"><span style=\"font-size: 10pt;\">\ud83e\udd47<\/span> <\/span><\/span><\/span><span style=\"color: #1167b5;\"><span style=\"font-size: 10pt;\">1\u00e8re<\/span><span style=\"font-size: 10pt;\"><strong style=\"font-size: 16px;\"> <span style=\"font-size: 10pt;\">place au scratch <\/span><\/strong><\/span><\/span><\/strong><span style=\"color: #1167b5; font-size: 10pt;\"><span style=\"color: #000000;\"><span style=\"font-size: 10pt;\">:<\/span><\/span><\/span><span style=\"color: #1167b5; font-size: 10pt;\"><span style=\"color: #000000;\"><span style=\"font-size: 10pt;\"> <span style=\"color: #008000;\">\u00c9lise P\u00c9ZERIL<\/span> \/ <span style=\"color: #008000;\">Brice<\/span> <span style=\"color: #008000;\">P\u00c9ZERIL<span style=\"color: #000000;\"> (avec Jeanne P\u00c9ZERIL)&nbsp;<\/span><\/span><\/span><\/span><\/span><\/li>\n<\/ul>\n<hr>\n<ul>\n<li><strong><span style=\"font-size: 14pt;\">RAID ORIENTALP XP\u00c9RIENCE \/ Chamrousse (Is\u00e8re) \/ Septembre 2025<br \/>\n<\/span><\/strong><strong><span style=\"color: #1167b5; font-size: 10pt;\"><span style=\"color: #000000;\">&nbsp; <span style=\"text-decoration: underline;\">RAID AVENTURE<\/span> (55 km \/ 26 \u00e9quipes)<br \/>\n<\/span><\/span><\/strong><strong><span style=\"color: #1167b5; font-size: 10pt;\"><span style=\"color: #000000;\"><span style=\"font-size: 10pt;\"><span style=\"color: #008000;\"><span style=\"color: #1167b5;\">&nbsp; &nbsp; 5\u00e8me \u00e9quipe mixte<\/span>&nbsp;<\/span><\/span><\/span><\/span><\/strong><span style=\"color: #000000; font-size: 10pt;\"><span style=\"font-size: 10pt;\">(12\u00e8me au scratch) <\/span><\/span><span style=\"color: #1167b5; font-size: 10pt;\"><span style=\"color: #000000;\"><span style=\"font-size: 10pt;\">:<\/span><\/span><\/span><span style=\"color: #1167b5; font-size: 10pt;\"><span style=\"color: #000000;\"><span style=\"font-size: 10pt;\"> <span style=\"color: #008000;\">Juliette CHR\u00c9TIEN<\/span> \/ <span style=\"color: #008000;\">Titouan VASSE<br \/>\n<\/span><\/span><\/span><\/span><\/li>\n<\/ul>\n<hr>\n<ul>\n<li><span style=\"font-size: 14pt;\"><strong>RAID DES DENTELLES \/ Velleron (Vaucluse) \/ Juin 2025<br \/>\n<\/strong><\/span><strong><span style=\"color: #1167b5; font-size: 10pt;\"><span style=\"color: #000000;\">&nbsp; <span style=\"text-decoration: underline;\">RAID 30 KM<\/span> (55 \u00e9quipes)<br \/>\n<\/span><\/span><\/strong><strong><span style=\"color: #1167b5; font-size: 10pt;\"><span style=\"color: #000000;\"><span style=\"font-size: 10pt;\"><span style=\"color: #008000;\"><span style=\"color: #1167b5;\">&nbsp; &nbsp; 8\u00e8me place au scratch <\/span><\/span><\/span><\/span><\/span><\/strong><span style=\"color: #000000; font-size: 10pt;\"><span style=\"font-size: 10pt;\">:&nbsp;<\/span><\/span><span style=\"color: #1167b5; font-size: 10pt;\"><span style=\"color: #000000;\"><span style=\"font-size: 10pt;\"><span style=\"color: #008000;\">Thibaut RUAMPS <\/span><span style=\"color: #008000;\"><span style=\"color: #000000;\">(avec Franck TACK \/ Raid In Somme)<\/span><\/span><\/span><\/span><\/span><\/li>\n<\/ul>\n<hr>\n<ul>\n<li><strong><span style=\"font-size: 14pt;\">RAID OX TERRA \/ Sill\u00e9 le Guillaume (Sarthe) \/ Ao\u00fbt 2025 \/ <\/span><\/strong><span style=\"font-size: 14pt;\"><span style=\"color: #ff6600;\">Pas de classement officiel<br \/>\n<\/span><\/span><strong><span style=\"color: #1167b5; font-size: 10pt;\"><span style=\"color: #000000;\">&nbsp; <span style=\"text-decoration: underline;\">RAID 7H<\/span> (22 \u00e9quipes)<br \/>\n<\/span><\/span><\/strong><strong><span style=\"color: #1167b5; font-size: 10pt;\"><span style=\"color: #000000;\"><span style=\"font-size: 10pt;\"><span style=\"color: #008000;\"><span style=\"color: #1167b5;\">&nbsp; &nbsp; <span style=\"font-size: 10pt;\">\ud83e\udd47 1\u00e8re<\/span> place au scratch <\/span><\/span><\/span><\/span><\/span><\/strong><span style=\"color: #000000; font-size: 10pt;\"><span style=\"font-size: 10pt;\">:&nbsp;<\/span><\/span><span style=\"color: #1167b5; font-size: 10pt;\"><span style=\"color: #000000;\"><span style=\"font-size: 10pt;\"><span style=\"color: #008000;\">Maxime DIVAY <\/span><span style=\"color: #008000;\"><span style=\"color: #000000;\">(avec Titouan CHAPUT \/ Vikazim)<br \/>\n<\/span><\/span><\/span><\/span><\/span><strong><span style=\"color: #1167b5; font-size: 10pt;\"><span style=\"color: #000000;\"><span style=\"font-size: 10pt;\"><span style=\"color: #008000;\"><span style=\"color: #1167b5;\">&nbsp; &nbsp; &nbsp;17\u00e8me place au scratch <\/span><\/span><\/span><\/span><\/span><\/strong><span style=\"color: #000000; font-size: 10pt;\"><span style=\"font-size: 10pt;\">: <span style=\"color: #008000;\">J\u00e9r\u00f4me VARDON<\/span> \/<span style=\"color: #008000;\"> Beno\u00eet VARDON<\/span><\/span><\/span><span style=\"color: #1167b5; font-size: 10pt;\"><span style=\"color: #000000;\"><span style=\"font-size: 10pt;\"><span style=\"color: #008000;\"><br \/>\n<\/span><\/span><\/span><\/span><strong><span style=\"color: #1167b5; font-size: 10pt;\"><span style=\"color: #000000;\">&nbsp; <span style=\"text-decoration: underline;\">RAID 5H<\/span> (55 \u00e9quipes)<br \/>\n<\/span><\/span><\/strong><strong><span style=\"color: #1167b5; font-size: 10pt;\"><span style=\"color: #000000;\"><span style=\"font-size: 10pt;\"><span style=\"color: #008000;\"><span style=\"color: #1167b5;\">&nbsp; &nbsp; <span style=\"font-size: 10pt;\">\ud83e\udd47 1\u00e8re&nbsp;place<\/span> au scratch <\/span><\/span><\/span><\/span><\/span><\/strong><span style=\"color: #000000; font-size: 10pt;\"><span style=\"font-size: 10pt;\">:&nbsp;<\/span><\/span><span style=\"color: #1167b5; font-size: 10pt;\"><span style=\"color: #000000;\"><span style=\"font-size: 10pt;\"><span style=\"color: #008000;\">Thibaut RUAMPS <\/span><\/span><\/span><\/span><span style=\"font-size: 10pt;\"><span style=\"font-size: 10pt;\">\/<\/span><\/span><span style=\"color: #1167b5; font-size: 10pt;\"><span style=\"color: #000000;\"><span style=\"font-size: 10pt;\"><span style=\"color: #008000;\"> Vincent PROFICHET<br \/>\n<\/span><\/span><\/span><\/span><strong><span style=\"color: #1167b5; font-size: 10pt;\"><span style=\"color: #000000;\"><span style=\"font-size: 10pt;\"><span style=\"color: #008000;\"><span style=\"color: #1167b5;\">&nbsp; &nbsp; &nbsp;19\u00e8me place au scratch <\/span><\/span><\/span><\/span><\/span><\/strong><span style=\"color: #000000; font-size: 10pt;\"><span style=\"font-size: 10pt;\">: <span style=\"color: #008000;\">Olivier DELMOTTE <span style=\"color: #000000;\">(avec Gilles BAUDOUIN)<\/span><\/span><span style=\"color: #008000;\"><br \/>\n<\/span><\/span><\/span><strong><span style=\"color: #1167b5; font-size: 10pt;\"><span style=\"color: #000000;\"><span style=\"font-size: 10pt;\"><span style=\"color: #008000;\"><span style=\"color: #1167b5;\">&nbsp; &nbsp; &nbsp;46\u00e8me place au scratch <\/span><\/span><\/span><\/span><\/span><\/strong><span style=\"color: #000000; font-size: 10pt;\"><span style=\"font-size: 10pt;\">: <span style=\"color: #008000;\">Estelle VARDON <\/span><\/span><\/span><span style=\"font-size: 10pt;\"><span style=\"font-size: 10pt;\"><span style=\"font-size: 10pt;\">(avec C\u00e9line VARDON)<\/span><\/span><\/span><\/li>\n<\/ul>\n","protected":false},"excerpt":{"rendered":"<p>SUD RAID &#8211;&nbsp;FINALE CHAMPIONNAT DU MONDE A1&nbsp; \/ Gap (Hautes-Alpes) \/ Ao\u00fbt 2025 &nbsp; &nbsp;18\u00e8me place (sur 33) \/ 330 km et 12000 m de D+ \/ 94h de course<\/p>\n","protected":false},"author":1,"featured_media":0,"parent":0,"menu_order":0,"comment_status":"closed","ping_status":"closed","template":"","meta":{"ngg_post_thumbnail":0,"footnotes":""},"class_list":["post-4567","page","type-page","status-publish","hentry","comments-off"],"_links":{"self":[{"href":"http:\/\/petitssuissesnormands.ovh\/index.php\/wp-json\/wp\/v2\/pages\/4567","targetHints":{"allow":["GET"]}}],"collection":[{"href":"http:\/\/petitssuissesnormands.ovh\/index.php\/wp-json\/wp\/v2\/pages"}],"about":[{"href":"http:\/\/petitssuissesnormands.ovh\/index.php\/wp-json\/wp\/v2\/types\/page"}],"author":[{"embeddable":true,"href":"http:\/\/petitssuissesnormands.ovh\/index.php\/wp-json\/wp\/v2\/users\/1"}],"replies":[{"embeddable":true,"href":"http:\/\/petitssuissesnormands.ovh\/index.php\/wp-json\/wp\/v2\/comments?post=4567"}],"version-history":[{"count":26,"href":"http:\/\/petitssuissesnormands.ovh\/index.php\/wp-json\/wp\/v2\/pages\/4567\/revisions"}],"predecessor-version":[{"id":4618,"href":"http:\/\/petitssuissesnormands.ovh\/index.php\/wp-json\/wp\/v2\/pages\/4567\/revisions\/4618"}],"wp:attachment":[{"href":"http:\/\/petitssuissesnormands.ovh\/index.php\/wp-json\/wp\/v2\/media?parent=4567"}],"curies":[{"name":"wp","href":"https:\/\/api.w.org\/{rel}","templated":true}]}}