{"id":4130,"date":"2025-02-11T22:54:18","date_gmt":"2025-02-11T21:54:18","guid":{"rendered":"http:\/\/petitssuissesnormands.ovh\/?page_id=4130"},"modified":"2026-03-26T21:56:41","modified_gmt":"2026-03-26T20:56:41","slug":"raid-psn-2026-reglement","status":"publish","type":"page","link":"http:\/\/petitssuissesnormands.ovh\/index.php\/raid-psn-2026-reglement\/","title":{"rendered":"Raid des PSN 2026 &#8211; R\u00c8GLEMENT DES \u00c9PREUVES"},"content":{"rendered":"<ul style=\"margin-top: 20px;\">\n<li><span style=\"font-family: Alegreya; font-size: 18pt;\"><strong>RAIDS AVENTURE ET SPORTIF (CHRONOM\u00c9TR\u00c9S) DU SAMEDI 4 AVRIL<\/strong><\/span><\/li>\n<\/ul>\n<p style=\"padding-left: 80px;\"><a href=\"http:\/\/petitssuissesnormands.ovh\/wp-content\/uploads\/2026\/03\/Reglement_2026-Samedi-1.pdf\" target=\"_blank\" rel=\"noopener\"><span style=\"font-family: verdana, geneva;\"><span style=\"font-size: 24px;\"><b> <img loading=\"lazy\" decoding=\"async\" src=\"http:\/\/petitssuissesnormands.ovh\/wp-content\/uploads\/2025\/02\/reglement_v.png\" alt=\"\" width=\"245\" height=\"54\"><\/b><\/span><\/span><\/a><\/p>\n<ul>\n<li><span style=\"font-family: Alegreya; font-size: 18pt;\"><strong>RAID D\u00c9COUVERTE (NON CHRONOM\u00c9TR\u00c9) DU DIMANCHE 5 AVRIL<\/strong><\/span><\/li>\n<\/ul>\n<p style=\"padding-left: 80px;\"><span style=\"font-family: verdana, geneva;\"><span style=\"font-size: 24px;\"><b><a href=\"http:\/\/petitssuissesnormands.ovh\/wp-content\/uploads\/2026\/03\/Reglement_2026-Dimanche.pdf\" target=\"_blank\" rel=\"noopener\"><img loading=\"lazy\" decoding=\"async\" src=\"http:\/\/petitssuissesnormands.ovh\/wp-content\/uploads\/2025\/02\/reglement_b.png\" alt=\"\" width=\"245\" height=\"54\"><\/a><br \/>\n<\/b><\/span><\/span><\/p>\n","protected":false},"excerpt":{"rendered":"<p>RAIDS AVENTURE ET SPORTIF (CHRONOM\u00c9TR\u00c9S) DU SAMEDI 4 AVRIL RAID D\u00c9COUVERTE (NON CHRONOM\u00c9TR\u00c9) DU DIMANCHE 5 AVRIL<\/p>\n","protected":false},"author":1,"featured_media":0,"parent":0,"menu_order":0,"comment_status":"closed","ping_status":"closed","template":"","meta":{"ngg_post_thumbnail":0,"footnotes":""},"class_list":["post-4130","page","type-page","status-publish","hentry","comments-off"],"_links":{"self":[{"href":"http:\/\/petitssuissesnormands.ovh\/index.php\/wp-json\/wp\/v2\/pages\/4130","targetHints":{"allow":["GET"]}}],"collection":[{"href":"http:\/\/petitssuissesnormands.ovh\/index.php\/wp-json\/wp\/v2\/pages"}],"about":[{"href":"http:\/\/petitssuissesnormands.ovh\/index.php\/wp-json\/wp\/v2\/types\/page"}],"author":[{"embeddable":true,"href":"http:\/\/petitssuissesnormands.ovh\/index.php\/wp-json\/wp\/v2\/users\/1"}],"replies":[{"embeddable":true,"href":"http:\/\/petitssuissesnormands.ovh\/index.php\/wp-json\/wp\/v2\/comments?post=4130"}],"version-history":[{"count":14,"href":"http:\/\/petitssuissesnormands.ovh\/index.php\/wp-json\/wp\/v2\/pages\/4130\/revisions"}],"predecessor-version":[{"id":4899,"href":"http:\/\/petitssuissesnormands.ovh\/index.php\/wp-json\/wp\/v2\/pages\/4130\/revisions\/4899"}],"wp:attachment":[{"href":"http:\/\/petitssuissesnormands.ovh\/index.php\/wp-json\/wp\/v2\/media?parent=4130"}],"curies":[{"name":"wp","href":"https:\/\/api.w.org\/{rel}","templated":true}]}}