{"id":3611,"date":"2024-10-08T21:04:38","date_gmt":"2024-10-08T19:04:38","guid":{"rendered":"http:\/\/petitssuissesnormands.ovh\/?page_id=3611"},"modified":"2024-12-15T11:39:13","modified_gmt":"2024-12-15T10:39:13","slug":"enduro-du-pere-noel-2024","status":"publish","type":"page","link":"http:\/\/petitssuissesnormands.ovh\/index.php\/enduro-du-pere-noel-2024\/","title":{"rendered":"ENDUR&rsquo;O DU P\u00c8RE NO\u00cbL 2024"},"content":{"rendered":"<p><img loading=\"lazy\" decoding=\"async\" class=\"wp-image-3648 aligncenter\" src=\"http:\/\/petitssuissesnormands.ovh\/wp-content\/uploads\/2024\/10\/EndurO_web.jpg\" alt=\"\" width=\"706\" height=\"397\" srcset=\"http:\/\/petitssuissesnormands.ovh\/wp-content\/uploads\/2024\/10\/EndurO_web.jpg 1280w, http:\/\/petitssuissesnormands.ovh\/wp-content\/uploads\/2024\/10\/EndurO_web-300x169.jpg 300w, http:\/\/petitssuissesnormands.ovh\/wp-content\/uploads\/2024\/10\/EndurO_web-1024x576.jpg 1024w, http:\/\/petitssuissesnormands.ovh\/wp-content\/uploads\/2024\/10\/EndurO_web-768x432.jpg 768w\" sizes=\"auto, (max-width: 706px) 100vw, 706px\" \/><\/p>\n<p style=\"text-align: justify;\">L\u2019<span style=\"color: #ff0000;\"><strong>Endur\u2019O du P\u00e8re No\u00ebl<\/strong> <\/span>est une <strong>course d\u2019orientation nocturne<\/strong>, par \u00e9quipe, disput\u00e9e dans la ville de Falaise. Certaines portions du parcours, appel\u00e9es \u00ab <strong>liaisons<\/strong> \u00bb, ne sont pas chronom\u00e9tr\u00e9es. D\u2019autres, appel\u00e9es \u00ab <strong>sp\u00e9ciales<\/strong> \u00bb, sont chronom\u00e9tr\u00e9es et servent \u00e0 \u00e9tablir le classement, en validant des points de passage (balises) le plus rapidement possible.<\/p>\n<p><span style=\"color: #008000; font-size: 18pt;\"><span style=\"text-decoration: underline;\">LES DERNI\u00c8RES INFOS<\/span> :<\/span><\/p>\n<ul>\n<li><strong>LES PHOTOS<\/strong><\/li>\n<\/ul>\n<p style=\"padding-left: 80px;\"><a href=\"http:\/\/petitssuissesnormands.ovh\/index.php\/enduro-photos-accueil\/\">Accueil<\/a><br \/>\n<a href=\"http:\/\/petitssuissesnormands.ovh\/index.php\/enduro-photos-briefing\/\">Briefing<\/a><br \/>\n<a href=\"http:\/\/petitssuissesnormands.ovh\/index.php\/enduro-photos-cadre\/\">Cadre<\/a><br \/>\n<a href=\"http:\/\/petitssuissesnormands.ovh\/index.php\/enduro-2024-photos-depart\/\">D\u00e9part<\/a><br \/>\n<a href=\"http:\/\/petitssuissesnormands.ovh\/index.php\/enduro-2024-photos-course\/\">Course<\/a><br \/>\n<a href=\"http:\/\/petitssuissesnormands.ovh\/?page_id=4010&amp;preview=true\">Apr\u00e8s-course<\/a><br \/>\n<a href=\"http:\/\/petitssuissesnormands.ovh\/index.php\/enduro-2024-photos-podiums\/\">Podium<\/a><\/p>\n<ul>\n<li><strong>LES R\u00c9SULTATS<\/strong><\/li>\n<\/ul>\n<p style=\"padding-left: 80px;\"><strong>Lutin Trotteur [8 km]<\/strong><\/p>\n<p style=\"padding-left: 120px;\"><a href=\"http:\/\/petitssuissesnormands.ovh\/wp-content\/uploads\/2024\/12\/Lutin_Resultats.pdf\" target=\"_blank\" rel=\"noopener\">R\u00e9sultats<\/a> \/ <a href=\"http:\/\/petitssuissesnormands.ovh\/wp-content\/uploads\/2024\/12\/Lutin_Sections.pdf\" target=\"_blank\" rel=\"noopener\">Temps par section<\/a><\/p>\n<p style=\"padding-left: 80px;\"><strong>Elfe Orienteur [15 km]<\/strong><\/p>\n<p style=\"padding-left: 120px;\"><a href=\"http:\/\/petitssuissesnormands.ovh\/wp-content\/uploads\/2024\/12\/Elfe_Resultats.pdf\" target=\"_blank\" rel=\"noopener\">R\u00e9sultats<\/a> \/ <a href=\"http:\/\/petitssuissesnormands.ovh\/wp-content\/uploads\/2024\/12\/Elfe_Sections.pdf\" target=\"_blank\" rel=\"noopener\">Temps par section<\/a><\/p>\n<p style=\"padding-left: 80px;\"><strong>Renne Aventurier [21 km]<\/strong><\/p>\n<p style=\"padding-left: 120px;\"><a href=\"http:\/\/petitssuissesnormands.ovh\/wp-content\/uploads\/2024\/12\/Renne_Resultats.pdf\" target=\"_blank\" rel=\"noopener\">R\u00e9sultats<\/a> \/ <a href=\"http:\/\/petitssuissesnormands.ovh\/wp-content\/uploads\/2024\/12\/Renne_Sections.pdf\" target=\"_blank\" rel=\"noopener\">Temps par section<\/a><\/p>\n<ul>\n<li><strong>LES CARTES<\/strong><\/li>\n<\/ul>\n<p style=\"padding-left: 80px;\"><strong>Section A (m\u00e9mo)<\/strong><\/p>\n<p style=\"padding-left: 120px;\"><a href=\"http:\/\/petitssuissesnormands.ovh\/wp-content\/uploads\/2024\/12\/Speciale_A_Lutin.pdf\" target=\"_blank\" rel=\"noopener\">Lutin<\/a> \/ <a href=\"http:\/\/petitssuissesnormands.ovh\/wp-content\/uploads\/2024\/12\/Speciale_A_Elfe_Renne.pdf\" target=\"_blank\" rel=\"noopener\">Elfe et Renne<\/a><\/p>\n<p style=\"padding-left: 80px;\"><strong>Section B (shaker)<\/strong><\/p>\n<p style=\"padding-left: 120px;\"><a href=\"http:\/\/petitssuissesnormands.ovh\/wp-content\/uploads\/2024\/12\/B.pdf\" target=\"_blank\" rel=\"noopener\">Shaker<\/a> \/ <a href=\"http:\/\/petitssuissesnormands.ovh\/wp-content\/uploads\/2024\/12\/Shaker_Global.pdf\" target=\"_blank\" rel=\"noopener\">Carte compl\u00e8te<\/a><\/p>\n<p style=\"padding-left: 80px;\"><strong>Section C (Fresnaye)<\/strong><\/p>\n<p style=\"padding-left: 120px;\"><a href=\"http:\/\/petitssuissesnormands.ovh\/wp-content\/uploads\/2024\/12\/C_Lutins.pdf\" target=\"_blank\" rel=\"noopener\">Lutin<\/a> \/ <a href=\"http:\/\/petitssuissesnormands.ovh\/wp-content\/uploads\/2024\/12\/C_Elfe_Renne.pdf\" target=\"_blank\" rel=\"noopener\">Elfe et Renne<\/a><\/p>\n<p style=\"padding-left: 80px;\"><strong>Section D (Orient&rsquo;Show)<\/strong><\/p>\n<p style=\"padding-left: 120px;\"><a href=\"http:\/\/petitssuissesnormands.ovh\/wp-content\/uploads\/2024\/12\/D.pdf\" target=\"_blank\" rel=\"noopener\">Paires et Impaires<\/a><\/p>\n<p style=\"padding-left: 80px;\"><strong>Section E (sprint)<\/strong><\/p>\n<p style=\"padding-left: 120px;\"><a href=\"http:\/\/petitssuissesnormands.ovh\/wp-content\/uploads\/2024\/12\/E.pdf\" target=\"_blank\" rel=\"noopener\">Paires et Impaires<\/a><\/p>\n<p style=\"padding-left: 80px;\"><strong>Section F (miroirs)<\/strong><\/p>\n<p style=\"padding-left: 120px;\"><a href=\"http:\/\/petitssuissesnormands.ovh\/wp-content\/uploads\/2024\/12\/F.pdf\" target=\"_blank\" rel=\"noopener\">F1 et F2<\/a> \/ <a href=\"http:\/\/petitssuissesnormands.ovh\/wp-content\/uploads\/2024\/12\/Miroirs_Global.pdf\" target=\"_blank\" rel=\"noopener\">Sans miroir<\/a><\/p>\n<p style=\"padding-left: 80px;\"><strong>Section G (road-book)<\/strong><\/p>\n<p style=\"padding-left: 120px;\"><a href=\"http:\/\/petitssuissesnormands.ovh\/wp-content\/uploads\/2024\/12\/G.pdf\" target=\"_blank\" rel=\"noopener\">Road-Book<\/a><\/p>\n<p style=\"padding-left: 80px;\"><strong>Liaisons<\/strong><\/p>\n<p style=\"padding-left: 120px;\"><a href=\"http:\/\/petitssuissesnormands.ovh\/wp-content\/uploads\/2024\/12\/Liaisons_Trotteur2.pdf\" target=\"_blank\" rel=\"noopener\">Lutin<\/a> \/ <a href=\"http:\/\/petitssuissesnormands.ovh\/wp-content\/uploads\/2024\/12\/Liaisons_Elfe.pdf\" target=\"_blank\" rel=\"noopener\">Elfe<\/a> \/ <a href=\"http:\/\/petitssuissesnormands.ovh\/wp-content\/uploads\/2024\/12\/Liaisons_Renne.pdf\" target=\"_blank\" rel=\"noopener\">Renne<\/a><\/p>\n<ul>\n<li><span style=\"font-size: 14pt;\"><strong>INFOS PRATIQUES<\/strong> \u2192 <a href=\"http:\/\/petitssuissesnormands.ovh\/wp-content\/uploads\/2024\/12\/Infos-Pratiques.pdf\" target=\"_blank\" rel=\"noopener\">Mail envoy\u00e9 aux inscrits<\/a><\/span><\/li>\n<li><span style=\"font-size: 14pt;\"><strong><span style=\"color: #ff0000;\">LUTIN TROTTEUR<\/span><\/strong> &#8211;<strong><span style=\"color: #008000;\"> 8 km<\/span><\/strong> &#8211;<strong> 2h<\/strong> maxi \u2192 <a href=\"http:\/\/petitssuissesnormands.ovh\/wp-content\/uploads\/2024\/12\/Consignes_Lutin.pdf\" target=\"_blank\" rel=\"noopener\">Consignes de course<\/a> \/ <a href=\"http:\/\/petitssuissesnormands.ovh\/wp-content\/uploads\/2024\/12\/Inscrits_Lutin.pdf\" target=\"_blank\" rel=\"noopener\">Liste des inscrits<\/a><\/span><\/li>\n<li><span style=\"font-size: 14pt;\"><strong><span style=\"color: #ff0000;\">ELFE ORIENTEUR<\/span><\/strong> &#8211; <strong><span style=\"color: #008000;\">15 km<\/span><\/strong> &#8211; <strong>2h45<\/strong> maxi \u2192 <a href=\"http:\/\/petitssuissesnormands.ovh\/wp-content\/uploads\/2024\/12\/Consignes_Elfe.pdf\" target=\"_blank\" rel=\"noopener\">Consignes de course<\/a> \/ <a href=\"http:\/\/petitssuissesnormands.ovh\/wp-content\/uploads\/2024\/12\/Inscrits_Elfe.pdf\" target=\"_blank\" rel=\"noopener\">Liste des inscrits<\/a><\/span><\/li>\n<li><span style=\"font-size: 14pt;\"><strong><span style=\"color: #ff0000;\">RENNE AVENTURIER<\/span><\/strong> &#8211; <span style=\"color: #008000;\"><strong>21 km<\/strong><\/span> &#8211; <strong>3h30<\/strong> maxi \u2192 <a href=\"http:\/\/petitssuissesnormands.ovh\/wp-content\/uploads\/2024\/12\/Consignes_Renne.pdf\" target=\"_blank\" rel=\"noopener\">Consignes de course<\/a> \/ <a href=\"http:\/\/petitssuissesnormands.ovh\/wp-content\/uploads\/2024\/12\/Inscrits_Renne.pdf\" target=\"_blank\" rel=\"noopener\">Liste des inscrits<\/a><br \/>\n<\/span><\/li>\n<li><span style=\"font-size: 14pt;\"><strong>MAT\u00c9RIEL OBLIGATOIRE<\/strong> &nbsp;<\/span><\/li>\n<\/ul>\n<p><img loading=\"lazy\" decoding=\"async\" class=\"aligncenter wp-image-3682\" src=\"http:\/\/petitssuissesnormands.ovh\/wp-content\/uploads\/2024\/10\/Matos_EOPN.jpg\" alt=\"\" width=\"910\" height=\"621\" srcset=\"http:\/\/petitssuissesnormands.ovh\/wp-content\/uploads\/2024\/10\/Matos_EOPN.jpg 1421w, http:\/\/petitssuissesnormands.ovh\/wp-content\/uploads\/2024\/10\/Matos_EOPN-300x205.jpg 300w, http:\/\/petitssuissesnormands.ovh\/wp-content\/uploads\/2024\/10\/Matos_EOPN-1024x699.jpg 1024w, http:\/\/petitssuissesnormands.ovh\/wp-content\/uploads\/2024\/10\/Matos_EOPN-768x524.jpg 768w\" sizes=\"auto, (max-width: 910px) 100vw, 910px\" \/><\/p>\n<p><span style=\"text-decoration: underline;\">PROGRAMME<\/span> :<\/p>\n<ul>\n<li><strong>\u00c0 partir de 17h :<\/strong> Accueil (sous les halles)<\/li>\n<li><strong>17h50 :<\/strong> Briefing \u00ab\u00a0Renne Aventurier\u00a0\u00bb<\/li>\n<li><strong>18h :<\/strong> D\u00e9part \u00ab\u00a0Renne Aventurier\u00a0\u00bb<\/li>\n<li><strong>18h10 :<\/strong> Briefing \u00ab\u00a0Elfe Orienteur\u00a0\u00bb<\/li>\n<li><strong>18h20 \/ 18h30 :<\/strong> D\u00e9part \u00ab\u00a0Elfe Orienteur\u00a0\u00bb<\/li>\n<li><strong>18h40 :<\/strong> Briefing \u00ab\u00a0Lutin Trotteur\u00a0\u00bb<\/li>\n<li><strong>18h50 \/ 19h \/ 19h10 \/ 19h20 :<\/strong> D\u00e9part \u00ab\u00a0Lutin Trotteur\u00a0\u00bb<\/li>\n<li><strong>20h \u2192 21h30 :<\/strong> Arriv\u00e9es \u00e9chelonn\u00e9es<\/li>\n<li><strong>22h :<\/strong> Tirage tombola + Remise des r\u00e9compenses<\/li>\n<\/ul>\n<p><span style=\"text-decoration: underline;\">CONTACT<\/span> : <span style=\"color: #1167b5;\"><strong>petitssuissesnormands@gmail.com<\/strong><\/span><\/p>\n<p style=\"text-align: left;\"><span style=\"text-decoration: underline;\">CONDITIONS DE PARTICIPATION<\/span>&nbsp;:<\/p>\n<ul>\n<li><strong>\u00c2ge minimal :<\/strong> voir le r\u00e9glement<\/li>\n<li><strong>Licence \/ Questionnaire de sant\u00e9 \/ Certificat m\u00e9dical : <span style=\"color: #ff0000;\">trois situations possibles<\/span><\/strong><br \/>\n<strong>&nbsp; &nbsp;<span style=\"color: #ff0000;\">[1] :<\/span><\/strong> vous \u00eates licenci\u00e9(e) FFCO en 2024 \u2192 <strong><span style=\"color: #008000;\">licence \u00e0 charger<\/span><\/strong> lors de l&rsquo;inscription en ligne<br \/>\n&nbsp; <strong><span style=\"color: #ff0000;\">&nbsp;[2] :<\/span><\/strong> vous avez r\u00e9pondu NON \u00e0 l&rsquo;ensemble des questions du questionnaire de sant\u00e9 et vous avez pris connaissance des 10 r\u00e8gles d&rsquo;or du club des cardiologues du sport (voir les documents ci-dessous) \u2192 <strong><span style=\"color: #008000;\">aucun document \u00e0 fournir<\/span><\/strong> lors de l&rsquo;inscription (uniquement choix [2] \u00e0 cocher lors de l&rsquo;inscription)<br \/>\n&nbsp; &nbsp;<strong><span style=\"color: #ff0000;\">[3] :<\/span> <\/strong>vous avez r\u00e9pondu OUI \u00e0 au moins une question du questionnaire de sant\u00e9 \u2192 vous devez fournir un <strong><span style=\"color: #008000;\">certificat m\u00e9dical<\/span><\/strong> de non contre-indication \u00e0 la pratique <span style=\"text-decoration: underline;\">du<\/span> sport ou de la course d&rsquo;orientation en comp\u00e9tition (datant de moins d&rsquo;un an pour un majeur \/ datant de moins de 6 mois pour un mineur)<\/li>\n<\/ul>\n<p><span style=\"text-decoration: underline;\">DOCUMENTS<\/span> :&nbsp;<\/p>\n<ul>\n<li><a href=\"http:\/\/petitssuissesnormands.ovh\/wp-content\/uploads\/2024\/11\/EndurO_Reglement_v2-1.pdf\" target=\"_blank\" rel=\"noopener\">R\u00e8glement de l&rsquo;\u00e9preuve<\/a><\/li>\n<li><a href=\"http:\/\/petitssuissesnormands.ovh\/wp-content\/uploads\/2024\/10\/QS-Majeur.pdf\" target=\"_blank\" rel=\"noopener\">Questionnaire de sant\u00e9 pour les majeurs<\/a><\/li>\n<li><a href=\"http:\/\/petitssuissesnormands.ovh\/wp-content\/uploads\/2024\/10\/QS-Mineur.pdf\" target=\"_blank\" rel=\"noopener\">Questionnaire de sant\u00e9 pour les mineurs<\/a><\/li>\n<li><a href=\"http:\/\/petitssuissesnormands.ovh\/wp-content\/uploads\/2024\/10\/Regles_Or_Cardiologie.pdf\" target=\"_blank\" rel=\"noopener\">Les 10 r\u00e8gles d&rsquo;or des cardiologues du sport<\/a><\/li>\n<li><a href=\"http:\/\/petitssuissesnormands.ovh\/wp-content\/uploads\/2024\/10\/EOPN_Autorisation_Parentale.pdf\" target=\"_blank\" rel=\"noopener\">Autorisation parentale<\/a> \u2192 <span style=\"color: #1167b5;\">\u00e0 compl\u00e9ter et \u00e0 charger lors de l&rsquo;inscription en ligne (pour chaque mineur inscrit)<\/span><\/li>\n<\/ul>\n<p><span style=\"text-decoration: underline;\">SONT COMPRIS DANS L&rsquo;INSCRIPTION<\/span> :<\/p>\n<ul>\n<li>l\u2019organisation g\u00e9n\u00e9rale de l&rsquo;\u00e9v\u00e9nement<\/li>\n<li>un<span style=\"color: #ff0000;\"> <strong>lot d\u2019accueil<\/strong><\/span> par participant<\/li>\n<li>la fourniture des <span style=\"color: #ff0000;\"><strong>cartes<\/strong><\/span> (une carte par \u00e9quipier sur chacune des \u00ab sp\u00e9ciales \u00bb \/ une carte g\u00e9n\u00e9rale par \u00e9quipe pour les \u00ab liaisons \u00bb)<\/li>\n<li>une <span style=\"color: #ff0000;\"><strong>soupe chaude<\/strong><\/span> \u00e0 l&rsquo;arriv\u00e9e<\/li>\n<\/ul>\n<p>Possibilit\u00e9 de r\u00e9server aussi un <span style=\"color: #1167b5;\"><strong>plat chaud<\/strong><\/span> (rougail saucisse) <span style=\"color: #1167b5;\"><strong>en option<\/strong><\/span> (8 \u20ac)<\/p>\n<p>&nbsp;<\/p>\n<p>&nbsp;<\/p>\n<p>&nbsp;<\/p>\n","protected":false},"excerpt":{"rendered":"<p>L\u2019Endur\u2019O du P\u00e8re No\u00ebl est une course d\u2019orientation nocturne, par \u00e9quipe, disput\u00e9e dans la ville de Falaise. Certaines portions du parcours, appel\u00e9es \u00ab liaisons \u00bb, ne sont pas chronom\u00e9tr\u00e9es. D\u2019autres,<\/p>\n","protected":false},"author":1,"featured_media":0,"parent":0,"menu_order":0,"comment_status":"closed","ping_status":"closed","template":"","meta":{"ngg_post_thumbnail":0,"footnotes":""},"class_list":["post-3611","page","type-page","status-publish","hentry","comments-off"],"_links":{"self":[{"href":"http:\/\/petitssuissesnormands.ovh\/index.php\/wp-json\/wp\/v2\/pages\/3611","targetHints":{"allow":["GET"]}}],"collection":[{"href":"http:\/\/petitssuissesnormands.ovh\/index.php\/wp-json\/wp\/v2\/pages"}],"about":[{"href":"http:\/\/petitssuissesnormands.ovh\/index.php\/wp-json\/wp\/v2\/types\/page"}],"author":[{"embeddable":true,"href":"http:\/\/petitssuissesnormands.ovh\/index.php\/wp-json\/wp\/v2\/users\/1"}],"replies":[{"embeddable":true,"href":"http:\/\/petitssuissesnormands.ovh\/index.php\/wp-json\/wp\/v2\/comments?post=3611"}],"version-history":[{"count":51,"href":"http:\/\/petitssuissesnormands.ovh\/index.php\/wp-json\/wp\/v2\/pages\/3611\/revisions"}],"predecessor-version":[{"id":4060,"href":"http:\/\/petitssuissesnormands.ovh\/index.php\/wp-json\/wp\/v2\/pages\/3611\/revisions\/4060"}],"wp:attachment":[{"href":"http:\/\/petitssuissesnormands.ovh\/index.php\/wp-json\/wp\/v2\/media?parent=3611"}],"curies":[{"name":"wp","href":"https:\/\/api.w.org\/{rel}","templated":true}]}}