{"id":342,"date":"2019-10-22T13:26:59","date_gmt":"2019-10-22T11:26:59","guid":{"rendered":"http:\/\/pdwpwzx.cluster028.hosting.ovh.net\/?page_id=342"},"modified":"2019-10-27T21:35:57","modified_gmt":"2019-10-27T20:35:57","slug":"pologne-2019","status":"publish","type":"page","link":"http:\/\/petitssuissesnormands.ovh\/index.php\/pologne-2019\/","title":{"rendered":"\u2192 Pologne 2019 (A.R.E.C)"},"content":{"rendered":"<p style=\"padding: 10px; text-align: justify; background-color: #30a60a; color: white;\"><span style=\"font-family: Alegreya;\">Pour cette ann\u00e9e 2019, annulation du gros raid pr\u00e9vu en ao\u00fbt, suite au d\u00e9c\u00e8s accidentel de notre pote Juju d\u00e9but janvier (il faisait partie de l&rsquo;\u00e9quipe en Russie en 2017 et en Su\u00e8de\/Finlande en 2018). Apr\u00e8s avoir refus\u00e9 deux propositions d&rsquo;\u00e9quipes pour des A.R.W.S (Coupe du Monde) pour des raisons de calendrier,<strong><span style=\"color: #000000;\"> Thibaut R<\/span><\/strong> a fini par accepter (avec grand plaisir) \u00e0 la mi-mai la proposition d&rsquo;Anne M, Patrice M (Pacaraid) et S\u00e9bastien C (Team GC) pour le <span style=\"color: #000000;\"><strong>Championnat d&rsquo;Europe 2019<\/strong><\/span>, disput\u00e9 en Pologne du 16 au 19 juillet. Un joli petit programme avec 533 km \u00e0 r\u00e9aliser en 100 heures maximum.&nbsp;<\/span><\/p>\n<p><a href=\"http:\/\/petitssuissesnormands.ovh\/wp-content\/uploads\/2019\/10\/arec2019.jpg\"><img loading=\"lazy\" decoding=\"async\" class=\"aligncenter wp-image-712 \" src=\"http:\/\/petitssuissesnormands.ovh\/wp-content\/uploads\/2019\/10\/arec2019.jpg\" alt=\"\" width=\"723\" height=\"511\" srcset=\"http:\/\/petitssuissesnormands.ovh\/wp-content\/uploads\/2019\/10\/arec2019.jpg 960w, http:\/\/petitssuissesnormands.ovh\/wp-content\/uploads\/2019\/10\/arec2019-300x212.jpg 300w, http:\/\/petitssuissesnormands.ovh\/wp-content\/uploads\/2019\/10\/arec2019-768x542.jpg 768w\" sizes=\"auto, (max-width: 723px) 100vw, 723px\" \/><\/a><\/p>\n<p style=\"padding: 10px; text-align: justify; background-color: #30a60a; color: white;\"><span style=\"font-family: Alegreya;\">Malheureusement, cette aventure ne s&rsquo;est pas tr\u00e8s bien pass\u00e9e du point de vue sportif (car c&rsquo;\u00e9tait parfait du point de vue humain, ce qui est l&rsquo;essentiel !) avec la mise <strong><span style=\"color: #000000;\">hors-course<\/span> <\/strong>de l&rsquo;\u00e9quipe (suite \u00e0 une barri\u00e8re horaire d\u00e9pass\u00e9e), puis <strong><span style=\"color: #000000;\">l&rsquo;abandon<\/span><\/strong> de Thibaut, souffrant d&rsquo;une infection pulmonaire, contract\u00e9e avant la course. Des moments (tr\u00e8s) difficiles, mais que la coh\u00e9sion et la solidarit\u00e9 de l&rsquo;\u00e9quipe ont un peu att\u00e9nu\u00e9. Mais il se murmure que ces quatre l\u00e0 referont \u00e9quipe un jour &#8230;<\/span><\/p>\n<p style=\"text-align: center;\"><img loading=\"lazy\" decoding=\"async\" class=\"aligncenter wp-image-717 \" src=\"http:\/\/petitssuissesnormands.ovh\/wp-content\/uploads\/2019\/10\/arec_19_1.jpg\" alt=\"\" width=\"742\" height=\"362\" srcset=\"http:\/\/petitssuissesnormands.ovh\/wp-content\/uploads\/2019\/10\/arec_19_1.jpg 945w, http:\/\/petitssuissesnormands.ovh\/wp-content\/uploads\/2019\/10\/arec_19_1-300x146.jpg 300w, http:\/\/petitssuissesnormands.ovh\/wp-content\/uploads\/2019\/10\/arec_19_1-768x375.jpg 768w\" sizes=\"auto, (max-width: 742px) 100vw, 742px\" \/><em>Thibaut, Anne, Patrice et S\u00e9bastien<\/em><\/p>\n<p><span style=\"font-family: Alegreya; font-size: 14pt; color: #30a60a;\"><span style=\"text-decoration: underline;\">QUELQUES IMAGES DE L&rsquo;AVENTURE<\/span> :<\/span><\/p>\n<p style=\"text-align: center;\"><iframe loading=\"lazy\" src=\"https:\/\/www.dailymotion.com\/embed\/video\/x7e5j5x\" width=\"640\" height=\"360\" frameborder=\"0\" allowfullscreen=\"allowfullscreen\"><\/iframe><\/p>\n<p><span style=\"font-family: Alegreya; font-size: 14pt; color: #30a60a;\"><span style=\"text-decoration: underline;\">LE COMPTE-RENDU DE THIBAUT<\/span> :<\/span><\/p>\n<p style=\"text-align: justify;\"><span style=\"font-family: Alegreya;\">Comme vous l&rsquo;avez peut-\u00eatre suivi, notre aventure polonaise ne s&rsquo;est pas pass\u00e9e comme esp\u00e9r\u00e9e. La faute principalement \u00e0 une infection pulmonaire attrap\u00e9e la semaine pr\u00e9c\u00e9dente (et transmise au reste de la famille a mis plus d&rsquo;un mois \u00e0 s&rsquo;en d\u00e9barrasser). C&rsquo;est donc dans ces conditions (mais avec une situation qui s&rsquo;am\u00e9liorait nettement) que j&rsquo;ai rejoint mes trois \u00e9quipiers, Anne et Patrice (Pacaraid) et S\u00e9bastien (Team GC), \u00e0 Cracovie le lundi 15 juillet. <\/span><span style=\"font-family: Alegreya;\">Un peu de r\u00e9paration pour mon VTT (vive le transport a\u00e9rien !), la pr\u00e9paration des diff\u00e9rentes caisses pour les transitions, avec une efficacit\u00e9 qui nous a m\u00eame surpris (on progresse \u00e0 chaque fois).Briefing (tr\u00e8s) rapide et une vraie nuit de repos (pas si fr\u00e9quent) avant la course.<\/span><\/p>\n<p style=\"text-align: justify;\"><span style=\"font-family: Alegreya;\">D\u00e9part en cano\u00eb pour 55 km, d&rsquo;abord sur un lac puis sur la rivi\u00e8re, apr\u00e8s un portage des cano\u00ebs entre les deux. Du vent de face \u00e0 l&rsquo;aller sur le lac et donc beaucoup d&rsquo;eau projet\u00e9e. Malgr\u00e9 la temp\u00e9rature cl\u00e9mente, j&rsquo;ai tr\u00e8s vite froid. Au bout du lac, il faut aller chercher une balise \u00e0 pied, en restant dans le lit de la rivi\u00e8re. Plusieurs travers\u00e9es avec de l&rsquo;eau parfois jusqu&rsquo;\u00e0 la taille. Je tremble de partout et je peine \u00e0 me r\u00e9chauffer, alors qu&rsquo;il y a du soleil. Retour sur le lac, avec en court de route, une balise \u00e0 aller pointer \u00e0 la nage. Cela continuera d&rsquo;aggraver ma situation, m\u00eame si l&rsquo;eau n&rsquo;est pas tr\u00e8s froide.<\/span><\/p>\n<p style=\"text-align: justify;\"><span style=\"font-family: Alegreya;\">Au bout du lac, on sort les cano\u00ebs, on les attache tant bien que mal sur les chariots et c&rsquo;est parti pour 2 km \u00e0 pied. Je ne suis d\u00e9j\u00e0 pas tr\u00e8s utile \u00e0 l&rsquo;\u00e9quipe. On rejoint la rivi\u00e8re o\u00f9 je m&rsquo;\u00e9quipe chaudement (goretex + pantalon k-way). Je n&rsquo;ai plus froid mais je n&rsquo;ai aucune force. Je pagaie comme un zombie, la t\u00eate \u00e0 moiti\u00e9 pos\u00e9e sur mon sac \u00e0 dos devant. Cette partie est plut\u00f4t sympa (m\u00eame si je n&rsquo;en profite pas vraiment) avec un passage dans des gorges et quelques rapides. On double beaucoup de radeaux touristiques, polonais (rive gauche de la rivi\u00e8re) et slovaques (rive droite). Par contre, difficile de leur arracher un bonjour &#8230; On finit la section au bout de 9 heures, ce qui conforme \u00e0 nos pr\u00e9visions, malgr\u00e9 ma (toute) petite forme.<\/span><\/p>\n<p style=\"text-align: justify;\"><span style=\"font-family: Alegreya;\">V\u00eatements secs, repas et c&rsquo;est reparti pour un gros trek de 50 km et quasiment 3000 m de D+. Au bout d&rsquo;une demi-heure, je n&rsquo;ai plus de force et je n&rsquo;arrive pas \u00e0 respirer (nous n&rsquo;avons pourtant fait que marcher). La situation s&rsquo;aggrave lentement, je me fais tracter par les \u00e9quipiers, notamment par Anne qui est impressionnante de r\u00e9gularit\u00e9. Les gars g\u00e8rent l&rsquo;orientation franchement pas \u00e9vidente sur du 1\/50 000, mais s&rsquo;en sortent vraiment bien (m\u00eame si on se rend compte apr\u00e8s que certains choix auraient \u00e9t\u00e9 meilleurs).<\/span><\/p>\n<p style=\"text-align: justify;\"><span style=\"font-family: Alegreya;\">L&rsquo;\u00e9clipse de lune, c&rsquo;est beau !! Les chiens qui aboient dans les montagnes, beaucoup moins sympa. Je respire de plus en plus mal, alors que nous en sommes \u00e0 la moiti\u00e9 du trek. Anne me donne des m\u00e9dicaments, mais \u00e7a ne va pas mieux. On progresse \u00e0 vitesse r\u00e9duite, mais \u00e7a avance. Au lever du jour, les m\u00e9dicaments commencent \u00e0 faire effet et je retrouve quelques forces. Cela me permet de prendre un peu la carte et de discuter avec les copains, c&rsquo;est-\u00e0-dire de profiter enfin un peu du raid.<\/span><\/p>\n<p style=\"text-align: justify;\"><span style=\"font-family: Alegreya;\">En fin de section, gros dilemme. Nous aurons du mal \u00e0 tout prendre et \u00e0 arriver \u00e0 la barri\u00e8re horaire \u00e0 la transition. Que faire ? On d\u00e9cide finalement de monter \u00e0 la balise 13, en prenant le risque de ne pas \u00eatre \u00e0 l&rsquo;heure (quelques p\u00e9rip\u00e9ties pour y arriver, mais on la pointe finalement). Pour aller \u00e0 la transition, la route directe est interdite (la solution aurait \u00e9t\u00e9 de la prendre, ce qui n&rsquo;est pas tr\u00e8s logique &#8230;). Trois (autres) itin\u00e9raires sont possibles ; la version Nord avec du d\u00e9nivel\u00e9, la version Sud avec travers\u00e9e de rivi\u00e8re (mais on a un doute sur la possibilit\u00e9 de descendre, \u00e0 cause d&rsquo;une digue) et une version interm\u00e9diaire, avec un vallon \u00e0 traverser. On choisira cette derni\u00e8re, o\u00f9 le vallon sera vraiment profond et la v\u00e9g\u00e9tation peu sympathique. On arrive donc en retard \u00e0 la transition, o\u00f9 nous apprenons que nous sommes disqualifi\u00e9s, et pas simplement en \u00ab\u00a0short course\u00a0\u00bb. Phrase assez laconique de l&rsquo;organisation : \u00ab\u00a0maintenant, vous faites ce que vous voulez\u00a0\u00bb (sous entendu, ce n&rsquo;est plus notre probl\u00e8me). Pas facile \u00e0 encaisser, on fait notre transition tranquillement et on repart en VTT.<\/span><\/p>\n<p style=\"text-align: justify;\"><span style=\"font-family: Alegreya;\">Mais au bout d&rsquo;une heure, je n&rsquo;ai \u00e0 nouveau plus de force et la respiration redevient compliqu\u00e9e. Je dis aux copains que j&rsquo;essaie d&rsquo;aller \u00e0 la balise 17 (atelier de cordes) pour abandonner et \u00eatre r\u00e9cup\u00e9r\u00e9 par l&rsquo;orga. Malgr\u00e9 du tractage, je ne peux pas continuer et on est contraint d&rsquo;appeler l&rsquo;orga qui me r\u00e9cup\u00e8re au bout de 30 heures de course. Fin de course pour moi &#8230;<\/span><\/p>\n<p style=\"text-align: justify;\"><span style=\"font-family: Alegreya;\">Les copains laissent quelques balises et viennent \u00e0 bout de cette section VTT de 140 km peu int\u00e9ressante (beaucoup de route). Je les raterai de peu, ayant \u00e9t\u00e9 rapatri\u00e9 entre temps \u00e0 Cracovie. Ils shunteront le second trek montagne et la section VTT suivante, pour pouvoir profiter de la deuxi\u00e8me partie de course, avec notamment du roller, de la C.O dans le d\u00e9sert, du VTT et de la sp\u00e9l\u00e9o.&nbsp;<\/span><span style=\"font-family: Alegreya;\">Je les suivrai \u00e0 distance gr\u00e2ce au tracker GPS, c&rsquo;est assez stressant aussi. \u00c9tant hors course, ils sortaient de temps en temps le t\u00e9l\u00e9phone pour envoyer quelques news. J&rsquo;avais demand\u00e9 \u00e0 Seb de m&rsquo;appeler 2 balises avant l&rsquo;arriv\u00e9e pour me permettre de les rejoindre sur la ligne (30 minutes de marche par rapport \u00e0 notre h\u00e9bergement).<\/span><\/p>\n<p style=\"text-align: justify;\"><span style=\"font-family: Alegreya;\">Je suivais \u00e9videmment leur progression au tracker et vers 1 heure du matin (nuit de vendredi \u00e0 samedi), appel de Seb, pour m&rsquo;informer de leur position, (tr\u00e8s) confiant sur le (peu de) temps restant. Mes calculs (par rapport au temps des vainqueurs) me laissaient penser qu&rsquo;il leur faudrait encore 2h15-30, mais j&rsquo;ai rejoint rapidement la ligne d&rsquo;arriv\u00e9e. Ensuite, ce fut (tr\u00e8s) long ! \u00c0 la derni\u00e8re balise, leurs deux boussoles ont commenc\u00e9 \u00e0 ne plus indiquer le Nord, enfin c&rsquo;est ce dont les deux orienteurs se sont persuad\u00e9s &#8230; <\/span><span style=\"font-family: Alegreya;\">Bilan, une redescente vers le Sud-Ouest (au lieu du Nord-Est) et quelques gal\u00e8res pour terminer. Ils ont finalement franchi la ligne au bout de 90 heures. Un grand bravo \u00e0 eux !!<\/span><\/p>\n<p style=\"text-align: justify;\"><span style=\"font-family: Alegreya;\">M\u00eame si je n&rsquo;ai effectu\u00e9 que 30 heures de course (et toute la d\u00e9ception qui va avec), cela restera n\u00e9anmoins une tr\u00e8s belle aventure avec cette \u00e9quipe. Pour une premi\u00e8re association ensemble (seuls Patrice et Anne avaient d\u00e9j\u00e0 couru ensemble), la coh\u00e9sion s&rsquo;est faite imm\u00e9diatement et ces moments de partage procurent forc\u00e9ment beaucoup de plaisir . <\/span><span style=\"font-family: Alegreya;\">Un grand merci \u00e0 mes co\u00e9quipiers d&rsquo;avoir pens\u00e9 \u00e0 moi pour cette aventure (et pour tous les p&rsquo;tits messages vid\u00e9os sur ma cam\u00e9ra).<\/span><br \/>\n<span style=\"font-family: Alegreya;\">\u2192 Anne, tr\u00e8s impressionnante physiquement (merci pour le tractage \u00e0 pied), d\u00e9termin\u00e9e, discr\u00e8te mais toujours efficace, et qui apporte de la s\u00e9r\u00e9nit\u00e9 \u00e0 l&rsquo;\u00e9quipe.&nbsp;<\/span><br \/>\n<span style=\"font-family: Alegreya;\">\u2192 Patrice, un vrai capitaine d&rsquo;\u00e9quipe, qui a su cr\u00e9er cette osmose aussi rapidement. Toujours costaud dans l&rsquo;orientation et au niveau physique. Par contre, il faudra m&rsquo;expliquer le coup des 3 paires de baskets &#8230; dans la m\u00eame bo\u00eete !<\/span><br \/>\n<span style=\"font-family: Alegreya;\">\u2192 S\u00e9bastien, sous ses airs de d\u00e9conneur, cache une grande g\u00e9n\u00e9rosit\u00e9 dans l&rsquo;effort et avec ses \u00e9quipiers. Pour la chanson, il y a des progr\u00e8s \u00e0 faire, mais pour le raid c&rsquo;est parfait !<\/span><\/p>\n<p style=\"text-align: justify;\"><span style=\"font-family: Alegreya;\">Thibaut<\/span><\/p>\n","protected":false},"excerpt":{"rendered":"<p>Pour cette ann\u00e9e 2019, annulation du gros raid pr\u00e9vu en ao\u00fbt, suite au d\u00e9c\u00e8s accidentel de notre pote Juju d\u00e9but janvier (il faisait partie de l&rsquo;\u00e9quipe en Russie en 2017<\/p>\n","protected":false},"author":1,"featured_media":0,"parent":0,"menu_order":0,"comment_status":"closed","ping_status":"closed","template":"","meta":{"ngg_post_thumbnail":0,"footnotes":""},"class_list":["post-342","page","type-page","status-publish","hentry","comments-off"],"_links":{"self":[{"href":"http:\/\/petitssuissesnormands.ovh\/index.php\/wp-json\/wp\/v2\/pages\/342","targetHints":{"allow":["GET"]}}],"collection":[{"href":"http:\/\/petitssuissesnormands.ovh\/index.php\/wp-json\/wp\/v2\/pages"}],"about":[{"href":"http:\/\/petitssuissesnormands.ovh\/index.php\/wp-json\/wp\/v2\/types\/page"}],"author":[{"embeddable":true,"href":"http:\/\/petitssuissesnormands.ovh\/index.php\/wp-json\/wp\/v2\/users\/1"}],"replies":[{"embeddable":true,"href":"http:\/\/petitssuissesnormands.ovh\/index.php\/wp-json\/wp\/v2\/comments?post=342"}],"version-history":[{"count":13,"href":"http:\/\/petitssuissesnormands.ovh\/index.php\/wp-json\/wp\/v2\/pages\/342\/revisions"}],"predecessor-version":[{"id":722,"href":"http:\/\/petitssuissesnormands.ovh\/index.php\/wp-json\/wp\/v2\/pages\/342\/revisions\/722"}],"wp:attachment":[{"href":"http:\/\/petitssuissesnormands.ovh\/index.php\/wp-json\/wp\/v2\/media?parent=342"}],"curies":[{"name":"wp","href":"https:\/\/api.w.org\/{rel}","templated":true}]}}