{"id":331,"date":"2019-10-22T13:26:58","date_gmt":"2019-10-22T11:26:58","guid":{"rendered":"http:\/\/pdwpwzx.cluster028.hosting.ovh.net\/?page_id=331"},"modified":"2025-12-29T21:09:52","modified_gmt":"2025-12-29T20:09:52","slug":"comment-adherer","status":"publish","type":"page","link":"http:\/\/petitssuissesnormands.ovh\/index.php\/comment-adherer\/","title":{"rendered":"\u2192 Comment adh\u00e9rer ?"},"content":{"rendered":"<p><span style=\"font-family: Alegreya; font-size: 24pt;\"><strong><span style=\"color: #30a60a;\">1 &#8211; LICENCE FFTRI <\/span><\/strong><\/span><\/p>\n<p><span style=\"font-family: Alegreya;\">&nbsp;&nbsp; \u25fd <strong>NOUVEAU :<\/strong> si vous r\u00e9pondez NON \u00e0 toutes les questions du questionnaire de sant\u00e9 (en ligne), vous n&rsquo;avez pas besoin de fournir de certificat m\u00e9dical pour la prise de licence (ni pour la participation \u00e0 toute \u00e9preuve affili\u00e9e \u00e0 la FFTRI). Si ce n&rsquo;est pas le cas, vous pouvez t\u00e9l\u00e9charger le <strong><a href=\"http:\/\/petitssuissesnormands.ovh\/wp-content\/uploads\/2020\/09\/Certif-2019.pdf\" target=\"_blank\" rel=\"noopener noreferrer\"><span style=\"color: #1167b5;\">certificat m\u00e9dical<\/span><\/a><\/strong> et le faire compl\u00e9ter par un m\u00e9decin.<\/span><br \/>\n<span style=\"font-family: Alegreya;\">&nbsp;&nbsp; \u25fd Aller sur le site : <strong><a href=\"https:\/\/espacetri.fftri.com\/\" target=\"_blank\" rel=\"noreferrer noopener\" aria-label=\"https:\/\/espacetri.fftri.com (ouverture dans un nouvel onglet)\"><span style=\"color: #1167b5;\">https:\/\/espacetri.fftri.com<\/span><\/a><\/strong><\/span><br \/>\n<span style=\"font-family: Alegreya;\">&nbsp;&nbsp; \u25fd Suivre le <strong><span style=\"color: #1167b5;\">tutoriel<\/span><\/strong> ci-dessous :<br \/>\n<\/span>&nbsp; &nbsp; &nbsp; <img loading=\"lazy\" decoding=\"async\" class=\"alignnone size-full wp-image-3070\" src=\"http:\/\/petitssuissesnormands.ovh\/wp-content\/uploads\/2023\/09\/Tuto_Licence_2024.jpg\" alt=\"\" width=\"512\" height=\"765\" srcset=\"http:\/\/petitssuissesnormands.ovh\/wp-content\/uploads\/2023\/09\/Tuto_Licence_2024.jpg 512w, http:\/\/petitssuissesnormands.ovh\/wp-content\/uploads\/2023\/09\/Tuto_Licence_2024-201x300.jpg 201w\" sizes=\"auto, (max-width: 512px) 100vw, 512px\" \/><\/p>\n<p><span style=\"font-size: 24pt;\"><strong><span style=\"color: #30a60a;\">2 &#8211; ADH\u00c9SION CLUB<\/span><\/strong><\/span><\/p>\n<p>&nbsp;&nbsp; \u25fd T\u00e9l\u00e9charger le document suivant : <a href=\"http:\/\/petitssuissesnormands.ovh\/wp-content\/uploads\/2025\/12\/Bulletin-dinscription-2026.pdf\">Bulletin d&rsquo;inscription&nbsp; Pont d&rsquo;Ouilly Loisirs<\/a><br \/>\n&nbsp;&nbsp; \u25fd Le compl\u00e9ter et le signer.<br \/>\n&nbsp;&nbsp; \u25fd Le transmettre :<br \/>\n&nbsp;&nbsp;&nbsp;&nbsp;&nbsp;&nbsp;&nbsp;&nbsp;&nbsp;&nbsp;&nbsp;\u2192 par mail \u00e0 <span style=\"color: #1167b5;\">tibo_ruamps@yahoo.fr<\/span><br \/>\n&nbsp;&nbsp;&nbsp;&nbsp;&nbsp;&nbsp;&nbsp;&nbsp;&nbsp;&nbsp;&nbsp;\u2192 par courrier \u00e0 : <span style=\"color: #1167b5;\">Thibaut Ruamps \/ 17 rue des Ecuyers \/ 61100 La Lande-Patry<\/span><br \/>\n&nbsp;&nbsp;&nbsp;&nbsp;&nbsp;&nbsp;&nbsp;&nbsp;&nbsp;&nbsp;&nbsp;\u2192 en main propre \u00e0 un membre du bureau du club<\/p>\n","protected":false},"excerpt":{"rendered":"<p>1 &#8211; LICENCE FFTRI &nbsp;&nbsp; \u25fd NOUVEAU : si vous r\u00e9pondez NON \u00e0 toutes les questions du questionnaire de sant\u00e9 (en ligne), vous n&rsquo;avez pas besoin de fournir de certificat<\/p>\n","protected":false},"author":1,"featured_media":0,"parent":0,"menu_order":0,"comment_status":"closed","ping_status":"closed","template":"","meta":{"ngg_post_thumbnail":0,"footnotes":""},"class_list":["post-331","page","type-page","status-publish","hentry","comments-off"],"_links":{"self":[{"href":"http:\/\/petitssuissesnormands.ovh\/index.php\/wp-json\/wp\/v2\/pages\/331","targetHints":{"allow":["GET"]}}],"collection":[{"href":"http:\/\/petitssuissesnormands.ovh\/index.php\/wp-json\/wp\/v2\/pages"}],"about":[{"href":"http:\/\/petitssuissesnormands.ovh\/index.php\/wp-json\/wp\/v2\/types\/page"}],"author":[{"embeddable":true,"href":"http:\/\/petitssuissesnormands.ovh\/index.php\/wp-json\/wp\/v2\/users\/1"}],"replies":[{"embeddable":true,"href":"http:\/\/petitssuissesnormands.ovh\/index.php\/wp-json\/wp\/v2\/comments?post=331"}],"version-history":[{"count":15,"href":"http:\/\/petitssuissesnormands.ovh\/index.php\/wp-json\/wp\/v2\/pages\/331\/revisions"}],"predecessor-version":[{"id":4775,"href":"http:\/\/petitssuissesnormands.ovh\/index.php\/wp-json\/wp\/v2\/pages\/331\/revisions\/4775"}],"wp:attachment":[{"href":"http:\/\/petitssuissesnormands.ovh\/index.php\/wp-json\/wp\/v2\/media?parent=331"}],"curies":[{"name":"wp","href":"https:\/\/api.w.org\/{rel}","templated":true}]}}