{"id":315,"date":"2019-10-22T12:47:08","date_gmt":"2019-10-22T10:47:08","guid":{"rendered":"http:\/\/pdwpwzx.cluster028.hosting.ovh.net\/?page_id=315"},"modified":"2021-09-15T18:03:54","modified_gmt":"2021-09-15T16:03:54","slug":"historique","status":"publish","type":"page","link":"http:\/\/petitssuissesnormands.ovh\/index.php\/historique\/","title":{"rendered":"\u2192 Historique"},"content":{"rendered":"<p align=\"justify\"><span style=\"font-family: Alegreya;\">L&rsquo;association <strong><span style=\"color: #30a60a;\">\u00ab\u00a0Les PETITS SUISSES NORMANDS\u00a0\u00bb<\/span><\/strong>, sp\u00e9cialis\u00e9e dans les&nbsp;<strong>raids multisports de nature<\/strong>, a \u00e9t\u00e9 cr\u00e9\u00e9e officiellement le 13 juin 2008 au sein du Foyer Rural de Pont d&rsquo;Ouilly (Calvados), devenu&nbsp;<strong><span style=\"color: #1167b5;\">Pont d&rsquo;Ouilly Loisirs<\/span><\/strong>&nbsp;en septembre 2015<strong>.<\/strong>&nbsp;<\/span><span style=\"font-family: Alegreya;\">Les objectifs initiaux de cette section raid-nature \u00e9taient de&nbsp;<strong><span style=\"color: #1167b5;\">faire partager les sports de nature<\/span><\/strong>&nbsp;et de&nbsp;<strong><span style=\"color: #1167b5;\">trouver des partenaires d&rsquo;entra\u00eenement<\/span><\/strong>, en profitant du cadre id\u00e9al qu\u2019offre la Suisse Normande pour ces activit\u00e9s : de tr\u00e8s nombreux chemins, beaucoup de d\u00e9nivel\u00e9, des rivi\u00e8res navigables en cano\u00eb-kayak.<\/span><\/p>\n<p align=\"justify\"><img loading=\"lazy\" decoding=\"async\" class=\"aligncenter wp-image-322 size-full\" src=\"http:\/\/pdwpwzx.cluster028.hosting.ovh.net\/wp-content\/uploads\/2019\/10\/debut_PSN_1.png\" alt=\"\" width=\"800\" height=\"493\" srcset=\"http:\/\/petitssuissesnormands.ovh\/wp-content\/uploads\/2019\/10\/debut_PSN_1.png 800w, http:\/\/petitssuissesnormands.ovh\/wp-content\/uploads\/2019\/10\/debut_PSN_1-300x185.png 300w, http:\/\/petitssuissesnormands.ovh\/wp-content\/uploads\/2019\/10\/debut_PSN_1-768x473.png 768w\" sizes=\"auto, (max-width: 800px) 100vw, 800px\" \/><\/p>\n<p style=\"margin-top: 15px;\" align=\"justify\"><span style=\"font-family: Alegreya;\">En 2009 et 2010, les Petits Suisses Normands ont fortement contribu\u00e9 \u00e0 la&nbsp;<strong><span style=\"color: #1167b5;\">cr\u00e9ation de parcours permanents de course d\u2019orientation<\/span><\/strong>&nbsp;autour de Pont d\u2019Ouilly, qui permettent au grand public de parcourir les chemins de la Suisse Normande, tout en d\u00e9couvrant la course d\u2019orientation.<\/span><\/p>\n<p style=\"margin-top: 15px;\" align=\"justify\"><span style=\"font-family: Alegreya;\">L\u2019association a suivi le d\u00e9veloppement et la structuration du raid multisport en France, en rejoignant le Groupement des Raids Multisports de Nature (GRMN) en 2011, puis la F\u00e9d\u00e9ration des Raids Multisports de Nature (FRMN) en d\u00e9cembre 2012 et enfin la <strong><span style=\"color: #1167b5;\">F\u00e9d\u00e9ration Fran\u00e7aise de Triathlon (FFTRI)&nbsp;<\/span><\/strong>qui est d\u00e9l\u00e9gataire pour le Raid Multisport depuis le 1er janvier 2017.<\/span><\/p>\n<p align=\"justify\"><span style=\"font-family: Alegreya;\">Depuis 2011, les Petits Suisses Normands se sont fortement impliqu\u00e9s dans la mise en place de <strong><span style=\"color: #1167b5;\">Suisse Normande Le Raid<\/span><\/strong>, un raid multisport au c\u0153ur de la Suisse Normande. Notre qualit\u00e9 d&rsquo;organisation est revenu au niveau national, c&rsquo;est pourquoi nous avons accueilli le Championnat de France Adultes en 2014 et le Championnat de France Jeunes en 2018, ainsi que des manches qualificatives nationales en 2012, 2013 et 2016. Prochaine \u00e9dition les 4 et 5 avril 2020.<\/span><\/p>\n<p align=\"justify\"><span style=\"font-family: Alegreya;\">Les Petits Suisses Normands ont \u00e9galement organis\u00e9, entre d\u00e9cembre 2012 et d\u00e9cembre 2017, le <strong><span style=\"color: #1167b5;\">Rando-Raid du P\u00e8re No\u00ebl<\/span><\/strong>, une <strong>course d&rsquo;orientation nocturne<\/strong>&nbsp;par \u00e9quipe dans le Pays de Falaise (diff\u00e9rents parcours de&nbsp;raids et de randos, pour tous les niveaux :&nbsp;familles \/ d\u00e9butants \/ sportifs \/ confirm\u00e9s&nbsp;).<\/span><\/p>\n<p align=\"justify\"><span style=\"font-family: Alegreya;\">En 2019, dans le cadre du <strong>Festival des Extraverties<\/strong>, l&rsquo;association a organis\u00e9 une \u00e9preuve de <strong><span style=\"color: #1167b5;\">24 heures VTT<\/span><\/strong> \u00e0 <strong>Pont d&rsquo;Ouilly<\/strong>. L&rsquo;objectif : r\u00e9aliser un maximum de tours de 7 km, en solitaire ou par \u00e9quipes. Devant le succ\u00e8s rencontr\u00e9 par cette premi\u00e8re \u00e9dition, l&rsquo;exp\u00e9rience sera renouvel\u00e9e en 2020, le week-end de l&rsquo;ascension.<\/span><\/p>\n<p align=\"justify\"><span style=\"font-family: Alegreya;\">Depuis 2012, les Petits Suisses Normands ont toujours qualifi\u00e9s une ou plusieurs \u00e9quipes sur les <strong><span style=\"color: #1167b5;\">Championnats de France<\/span><\/strong> (3 \u00e9quipes qualifi\u00e9es en 2015 \u2192 seul club en France repr\u00e9sent\u00e9 dans les trois cat\u00e9gories). L<strong>&lsquo;\u00e9quipe f\u00e9minine<\/strong> (H\u00e9l\u00e8ne Adam, Sophie Boutbal, Ingrid Richard) est devenue <strong>Championne de France en 2015<\/strong> et l&rsquo;<strong>\u00e9quipe masculine<\/strong> (Ghislain Girouard, Thibaut Ruamps, Arnaud Le Lay) a pris la <strong>3\u00e8me place en 2018<\/strong>. <\/span><\/p>\n<p align=\"justify\"><span style=\"font-family: Alegreya;\">Chez les jeunes, \u00e9norme performance en 2020, avec la titre de <strong>Champions de France Juniors Mixtes<\/strong> pour Juliette Chr\u00e9tien et Titouan Vasse, la <strong>2\u00e8me place en Cadets Mixtes<\/strong> pour L\u00e9onore Chr\u00e9tien et Gauthier Dupont et la <strong>3\u00e8me place en Cadettes<\/strong> pour Ma\u00eblle Boutbal et Ad\u00e9lie Vasse. Deux ans plus t\u00f4t,&nbsp;<\/span><span style=\"font-family: Alegreya;\">Thomas Pigeon (associ\u00e9 \u00e0 F\u00e9licie P\u00e9rus) \u00e9tait devenu <strong>Champion de France Cadet Mixte<\/strong> en 2018.<\/span><\/p>\n<p style=\"text-align: center;\"><img loading=\"lazy\" decoding=\"async\" class=\"aligncenter  wp-image-1495\" src=\"http:\/\/petitssuissesnormands.ovh\/wp-content\/uploads\/2020\/10\/FJ33.jpg\" alt=\"\" width=\"735\" height=\"404\" srcset=\"http:\/\/petitssuissesnormands.ovh\/wp-content\/uploads\/2020\/10\/FJ33.jpg 1260w, http:\/\/petitssuissesnormands.ovh\/wp-content\/uploads\/2020\/10\/FJ33-300x165.jpg 300w, http:\/\/petitssuissesnormands.ovh\/wp-content\/uploads\/2020\/10\/FJ33-768x422.jpg 768w, http:\/\/petitssuissesnormands.ovh\/wp-content\/uploads\/2020\/10\/FJ33-1024x563.jpg 1024w\" sizes=\"auto, (max-width: 735px) 100vw, 735px\" \/><\/p>\n<p align=\"justify\"><span style=\"font-family: Alegreya;\">Certains Petits Suisses Normands se sont \u00e9galement essay\u00e9s \u00e0 l&rsquo;\u00e9chelon sup\u00e9rieur, en participant depuis 2013 \u00e0 plusieurs <strong><span style=\"color: #1167b5;\">raids internationaux<\/span><\/strong> (course de 3 \u00e0 5 jours non-stop par \u00e9quipes mixtes de 4 raideurs). Vous trouverez davantage d&rsquo;informations dans la rubrique <strong><a href=\"http:\/\/petitssuissesnormands.ovh\/index.php\/gros-raids\/\">Gros raids<\/a><\/strong>.<\/span><\/p>\n","protected":false},"excerpt":{"rendered":"<p>L&rsquo;association \u00ab\u00a0Les PETITS SUISSES NORMANDS\u00a0\u00bb, sp\u00e9cialis\u00e9e dans les&nbsp;raids multisports de nature, a \u00e9t\u00e9 cr\u00e9\u00e9e officiellement le 13 juin 2008 au sein du Foyer Rural de Pont d&rsquo;Ouilly (Calvados), devenu&nbsp;Pont d&rsquo;Ouilly<\/p>\n","protected":false},"author":1,"featured_media":0,"parent":0,"menu_order":0,"comment_status":"closed","ping_status":"closed","template":"","meta":{"ngg_post_thumbnail":0,"footnotes":""},"class_list":["post-315","page","type-page","status-publish","hentry","comments-off"],"_links":{"self":[{"href":"http:\/\/petitssuissesnormands.ovh\/index.php\/wp-json\/wp\/v2\/pages\/315","targetHints":{"allow":["GET"]}}],"collection":[{"href":"http:\/\/petitssuissesnormands.ovh\/index.php\/wp-json\/wp\/v2\/pages"}],"about":[{"href":"http:\/\/petitssuissesnormands.ovh\/index.php\/wp-json\/wp\/v2\/types\/page"}],"author":[{"embeddable":true,"href":"http:\/\/petitssuissesnormands.ovh\/index.php\/wp-json\/wp\/v2\/users\/1"}],"replies":[{"embeddable":true,"href":"http:\/\/petitssuissesnormands.ovh\/index.php\/wp-json\/wp\/v2\/comments?post=315"}],"version-history":[{"count":8,"href":"http:\/\/petitssuissesnormands.ovh\/index.php\/wp-json\/wp\/v2\/pages\/315\/revisions"}],"predecessor-version":[{"id":1889,"href":"http:\/\/petitssuissesnormands.ovh\/index.php\/wp-json\/wp\/v2\/pages\/315\/revisions\/1889"}],"wp:attachment":[{"href":"http:\/\/petitssuissesnormands.ovh\/index.php\/wp-json\/wp\/v2\/media?parent=315"}],"curies":[{"name":"wp","href":"https:\/\/api.w.org\/{rel}","templated":true}]}}